{"id":30,"date":"2024-05-28T10:50:35","date_gmt":"2024-05-28T08:50:35","guid":{"rendered":"https:\/\/wp-dsfr.fr\/demo\/?page_id=30"},"modified":"2025-03-24T10:27:45","modified_gmt":"2025-03-24T09:27:45","slug":"liste-des-blocs-wordpress-du-dsfr","status":"publish","type":"page","link":"https:\/\/wp-dsfr.fr\/demo\/liste-des-blocs-wordpress-du-dsfr\/","title":{"rendered":"Liste des blocs du th\u00e8me"},"content":{"rendered":"\n<header class=\"wp-block-group alignfull wp-block-group--hero wp-block-group--hero-icon has-background-alt-blue-france-background-color has-background\"><div class=\"wp-block-group__inner-container is-layout-constrained wp-block-group-is-layout-constrained\">\n<div class=\"wp-block-columns alignwide is-layout-flex wp-container-core-columns-is-layout-1 wp-block-columns-is-layout-flex\">\n<div class=\"wp-block-column is-layout-flow wp-block-column-is-layout-flow\" style=\"flex-basis:66.66%\">\n<h1 class=\"wp-block-heading is-style-default has-h-1-font-size\">Liste des blocs du th\u00e8me<\/h1>\n\n\n\n<p class=\"has-xl-font-size\">Retrouvez ici la liste des blocs natifs et suppl\u00e9mentaires permettant de construire votre site avec ce th\u00e8me. Ces blocs correspondent aux exigences du DSFR en utilisant au mieux les possibilit\u00e9s de l\u2019\u00e9diteur Gutenberg WordPress.<\/p>\n<\/div>\n\n\n\n<div class=\"wp-block-column is-vertically-aligned-center is-layout-flow wp-block-column-is-layout-flow\" style=\"flex-basis:33.33%\"><div class=\"wp-block-image\">\n<figure class=\"aligncenter size-full is-resized\"><img loading=\"lazy\" decoding=\"async\" width=\"320\" height=\"320\" src=\"https:\/\/wp-dsfr.fr\/demo\/wp-content\/uploads\/sites\/2\/2024\/05\/system-2.png\" alt=\"\" class=\"wp-image-200\" style=\"width:180px;height:auto\" srcset=\"https:\/\/wp-dsfr.fr\/demo\/wp-content\/uploads\/sites\/2\/2024\/05\/system-2.png 320w, https:\/\/wp-dsfr.fr\/demo\/wp-content\/uploads\/sites\/2\/2024\/05\/system-2-300x300.png 300w, https:\/\/wp-dsfr.fr\/demo\/wp-content\/uploads\/sites\/2\/2024\/05\/system-2-150x150.png 150w\" sizes=\"auto, (max-width: 320px) 100vw, 320px\" \/><\/figure><\/div><\/div>\n<\/div>\n<\/div><\/header>\n\n\n\n<div class=\"wp-block-group\"><div class=\"wp-block-group__inner-container is-layout-constrained wp-block-group-is-layout-constrained\">\n<h2 class=\"wp-block-heading\">Blocs texte<\/h2>\n\n\n\n<p class=\"has-lg-font-size\">Ces blocs seront la base de votre site web, ils permettent de mettre en forme vos textes en hi\u00e9rarchisant l\u2019information.<\/p>\n\n\n\n<div class=\"fr-tiles-group\" style=\"--tiles-by-line:1;--tiles-by-line-sm:2;--tiles-by-line-md:4\">\n<div class=\"fr-tile fr-tile--no-icon fr-enlarge-link\"><div class=\"fr-tile__body\"><div class=\"fr-tile__content\"><h3 class=\"fr-tile__title\"><a href=\"https:\/\/wp-dsfr.fr\/demo\/liste-des-blocs-wordpress-du-dsfr\/titres\/\" target=\"_self\" rel=\"noopener\">Titre<\/a><\/h3><p class=\"fr-tile__desc\"><\/p><p class=\"fr-tile__detail\"><\/p><div class=\"fr-tile__start\"><p class=\"fr-badge fr-badge--brown-opera\">Bloc<\/p><\/div><\/div><\/div><div class=\"fr-tile__header\"><div class=\"fr-tile__pictogram\"><img decoding=\"async\" class=\"fr-ratio-1x1\" src=\"https:\/\/wp-dsfr.fr\/demo\/wp-content\/uploads\/sites\/2\/2024\/06\/heading-1-2-150x150.png\" alt=\"\"\/><\/div><\/div><\/div>\n\n\n\n<div class=\"fr-tile fr-tile--no-icon fr-enlarge-link\"><div class=\"fr-tile__body\"><div class=\"fr-tile__content\"><h3 class=\"fr-tile__title\"><a href=\"https:\/\/wp-dsfr.fr\/demo\/liste-des-blocs-wordpress-du-dsfr\/titres\/\" target=\"_self\" rel=\"noopener\">Paragraphe<\/a><\/h3><p class=\"fr-tile__desc\"><\/p><p class=\"fr-tile__detail\"><\/p><div class=\"fr-tile__start\"><p class=\"fr-badge fr-badge--brown-opera\">Bloc<\/p><\/div><\/div><\/div><div class=\"fr-tile__header\"><div class=\"fr-tile__pictogram\"><img decoding=\"async\" class=\"fr-ratio-1x1\" src=\"https:\/\/wp-dsfr.fr\/demo\/wp-content\/uploads\/sites\/2\/2024\/06\/paragraph-1-2-150x150.png\" alt=\"\"\/><\/div><\/div><\/div>\n\n\n\n<div class=\"fr-tile fr-tile--no-icon fr-enlarge-link\"><div class=\"fr-tile__body\"><div class=\"fr-tile__content\"><h3 class=\"fr-tile__title\"><a href=\"https:\/\/wp-dsfr.fr\/demo\/liste-des-blocs-wordpress-du-dsfr\/liste\/\" target=\"_self\" rel=\"noopener\">Liste<\/a><\/h3><p class=\"fr-tile__desc\"><\/p><p class=\"fr-tile__detail\"><\/p><div class=\"fr-tile__start\"><p class=\"fr-badge fr-badge--brown-opera\">Bloc<\/p><\/div><\/div><\/div><div class=\"fr-tile__header\"><div class=\"fr-tile__pictogram\"><img decoding=\"async\" class=\"fr-ratio-1x1\" src=\"https:\/\/wp-dsfr.fr\/demo\/wp-content\/uploads\/sites\/2\/2024\/06\/list-1-2-150x150.png\" alt=\"\"\/><\/div><\/div><\/div>\n\n\n\n<div class=\"fr-tile fr-tile--no-icon fr-enlarge-link\"><div class=\"fr-tile__body\"><div class=\"fr-tile__content\"><h3 class=\"fr-tile__title\"><a href=\"https:\/\/wp-dsfr.fr\/demo\/liste-des-blocs-wordpress-du-dsfr\/tableau\/\" target=\"_self\" rel=\"noopener\">Tableau<\/a><\/h3><p class=\"fr-tile__desc\"><\/p><p class=\"fr-tile__detail\"><\/p><div class=\"fr-tile__start\"><p class=\"fr-badge fr-badge--brown-opera\">Bloc<\/p><\/div><\/div><\/div><div class=\"fr-tile__header\"><div class=\"fr-tile__pictogram\"><img decoding=\"async\" class=\"fr-ratio-1x1\" src=\"https:\/\/wp-dsfr.fr\/demo\/wp-content\/uploads\/sites\/2\/2024\/06\/blockTable-1-2-150x150.png\" alt=\"\"\/><\/div><\/div><\/div>\n\n\n\n<div class=\"fr-tile fr-tile--no-icon fr-enlarge-link\"><div class=\"fr-tile__body\"><div class=\"fr-tile__content\"><h3 class=\"fr-tile__title\"><a href=\"https:\/\/wp-dsfr.fr\/demo\/liste-des-blocs-wordpress-du-dsfr\/citation\/\" target=\"_self\" rel=\"noopener\">Citation<\/a><\/h3><p class=\"fr-tile__desc\"><\/p><p class=\"fr-tile__detail\"><\/p><div class=\"fr-tile__start\"><p class=\"fr-badge fr-badge--brown-opera\">Bloc<\/p><\/div><\/div><\/div><div class=\"fr-tile__header\"><div class=\"fr-tile__pictogram\"><img decoding=\"async\" class=\"fr-ratio-1x1\" src=\"https:\/\/wp-dsfr.fr\/demo\/wp-content\/uploads\/sites\/2\/2024\/06\/quote-1-2-150x150.png\" alt=\"\"\/><\/div><\/div><\/div>\n\n\n\n<div class=\"fr-tile fr-tile--no-icon fr-enlarge-link\"><div class=\"fr-tile__body\"><div class=\"fr-tile__content\"><h3 class=\"fr-tile__title\"><a href=\"https:\/\/wp-dsfr.fr\/demo\/liste-des-blocs-wordpress-du-dsfr\/alerte\/\" target=\"_self\" rel=\"noopener\">Alerte<\/a><\/h3><p class=\"fr-tile__desc\"><\/p><p class=\"fr-tile__detail\"><\/p><div class=\"fr-tile__start\"><p class=\"fr-badge fr-badge--blue-ecume\">Composition<\/p><\/div><\/div><\/div><div class=\"fr-tile__header\"><div class=\"fr-tile__pictogram\"><img decoding=\"async\" class=\"fr-ratio-1x1\" src=\"https:\/\/wp-dsfr.fr\/demo\/wp-content\/uploads\/sites\/2\/2024\/06\/block-default-1-2-150x150.png\" alt=\"\"\/><\/div><\/div><\/div>\n\n\n\n<div class=\"fr-tile fr-tile--no-icon fr-enlarge-link\"><div class=\"fr-tile__body\"><div class=\"fr-tile__content\"><h3 class=\"fr-tile__title\"><a href=\"https:\/\/wp-dsfr.fr\/demo\/liste-des-blocs-wordpress-du-dsfr\/mise-en-avant\/\" target=\"_self\" rel=\"noopener\">Mise en avant<\/a><\/h3><p class=\"fr-tile__desc\"><\/p><p class=\"fr-tile__detail\"><\/p><div class=\"fr-tile__start\"><p class=\"fr-badge fr-badge--blue-ecume\">Composition<\/p><\/div><\/div><\/div><div class=\"fr-tile__header\"><div class=\"fr-tile__pictogram\"><img decoding=\"async\" class=\"fr-ratio-1x1\" src=\"https:\/\/wp-dsfr.fr\/demo\/wp-content\/uploads\/sites\/2\/2024\/06\/block-default-1-2-150x150.png\" alt=\"\"\/><\/div><\/div><\/div>\n\n\n\n<div class=\"fr-tile fr-tile--no-icon fr-enlarge-link\"><div class=\"fr-tile__body\"><div class=\"fr-tile__content\"><h3 class=\"fr-tile__title\"><a href=\"https:\/\/wp-dsfr.fr\/demo\/liste-des-blocs-wordpress-du-dsfr\/mise-en-exergue\/\" target=\"_self\" rel=\"noopener\">Mise en exergue<\/a><\/h3><p class=\"fr-tile__desc\"><\/p><p class=\"fr-tile__detail\"><\/p><div class=\"fr-tile__start\"><p class=\"fr-badge fr-badge--blue-ecume\">Composition<\/p><\/div><\/div><\/div><div class=\"fr-tile__header\"><div class=\"fr-tile__pictogram\"><img decoding=\"async\" class=\"fr-ratio-1x1\" src=\"https:\/\/wp-dsfr.fr\/demo\/wp-content\/uploads\/sites\/2\/2024\/06\/block-default-1-2-150x150.png\" alt=\"\"\/><\/div><\/div><\/div>\n<\/div>\n<\/div><\/div>\n\n\n\n<div style=\"height:120px\" aria-hidden=\"true\" class=\"wp-block-spacer\"><\/div>\n\n\n\n<div class=\"wp-block-group\"><div class=\"wp-block-group__inner-container is-layout-constrained wp-block-group-is-layout-constrained\">\n<h2 class=\"wp-block-heading\">Blocs m\u00e9dia et design<\/h2>\n\n\n\n<p class=\"has-lg-font-size\">Ces blocs ajouteront une identit\u00e9 visuelle \u00e0 votre site avec des images, des vid\u00e9os. De plus, vous pourrez donner acc\u00e8s \u00e0 des documents en t\u00e9l\u00e9chargement et rendre attractif vos liens les plus importants avec les blocs bouton, tuile, banni\u00e8re et m\u00e9dia &amp; texte. Certains blocs organiseront vos contenus les plus denses tels que les accord\u00e9ons, les FAQ ou les onglets<\/p>\n\n\n\n<div class=\"fr-tiles-group\" style=\"--tiles-by-line:1;--tiles-by-line-sm:2;--tiles-by-line-md:4\">\n<div class=\"fr-tile fr-tile--no-icon fr-enlarge-link\"><div class=\"fr-tile__body\"><div class=\"fr-tile__content\"><h3 class=\"fr-tile__title\"><a href=\"https:\/\/wp-dsfr.fr\/demo\/liste-des-blocs-wordpress-du-dsfr\/image-galerie\/\" target=\"_self\" rel=\"noopener\">Image<\/a><\/h3><p class=\"fr-tile__desc\"><\/p><p class=\"fr-tile__detail\"><\/p><div class=\"fr-tile__start\"><p class=\"fr-badge fr-badge--brown-opera\">bloc<\/p><\/div><\/div><\/div><div class=\"fr-tile__header\"><div class=\"fr-tile__pictogram\"><img decoding=\"async\" class=\"fr-ratio-1x1\" src=\"https:\/\/wp-dsfr.fr\/demo\/wp-content\/uploads\/sites\/2\/2024\/06\/image-1-2-150x150.png\" alt=\"\"\/><\/div><\/div><\/div>\n\n\n\n<div class=\"fr-tile fr-tile--no-icon fr-enlarge-link\"><div class=\"fr-tile__body\"><div class=\"fr-tile__content\"><h3 class=\"fr-tile__title\"><a href=\"https:\/\/wp-dsfr.fr\/demo\/liste-des-blocs-wordpress-du-dsfr\/image-galerie\/\" target=\"_self\" rel=\"noopener\">Galerie<\/a><\/h3><p class=\"fr-tile__desc\"><\/p><p class=\"fr-tile__detail\"><\/p><div class=\"fr-tile__start\"><p class=\"fr-badge fr-badge--brown-opera\">bloc<\/p><\/div><\/div><\/div><div class=\"fr-tile__header\"><div class=\"fr-tile__pictogram\"><img decoding=\"async\" class=\"fr-ratio-1x1\" src=\"https:\/\/wp-dsfr.fr\/demo\/wp-content\/uploads\/sites\/2\/2024\/06\/gallery-1-2-150x150.png\" alt=\"\"\/><\/div><\/div><\/div>\n\n\n\n<div class=\"fr-tile fr-tile--no-icon fr-enlarge-link\"><div class=\"fr-tile__body\"><div class=\"fr-tile__content\"><h3 class=\"fr-tile__title\"><a href=\"https:\/\/wp-dsfr.fr\/demo\/liste-des-blocs-wordpress-du-dsfr\/media-et-texte\/\" target=\"_self\" rel=\"noopener\">M\u00e9dia &amp; Texte<\/a><\/h3><p class=\"fr-tile__desc\"><\/p><p class=\"fr-tile__detail\"><\/p><div class=\"fr-tile__start\"><p class=\"fr-badge fr-badge--brown-opera\">bloc<\/p><\/div><\/div><\/div><div class=\"fr-tile__header\"><div class=\"fr-tile__pictogram\"><img decoding=\"async\" class=\"fr-ratio-1x1\" src=\"https:\/\/wp-dsfr.fr\/demo\/wp-content\/uploads\/sites\/2\/2024\/06\/media-and-text-1-2-150x150.png\" alt=\"\"\/><\/div><\/div><\/div>\n\n\n\n<div class=\"fr-tile fr-tile--no-icon fr-enlarge-link\"><div class=\"fr-tile__body\"><div class=\"fr-tile__content\"><h3 class=\"fr-tile__title\"><a href=\"https:\/\/wp-dsfr.fr\/demo\/liste-des-blocs-wordpress-du-dsfr\/banniere\/\" target=\"_self\" rel=\"noopener\">Banni\u00e8re<\/a><\/h3><p class=\"fr-tile__desc\"><\/p><p class=\"fr-tile__detail\"><\/p><div class=\"fr-tile__start\"><p class=\"fr-badge fr-badge--brown-opera\">bloc<\/p><\/div><\/div><\/div><div class=\"fr-tile__header\"><div class=\"fr-tile__pictogram\"><img decoding=\"async\" class=\"fr-ratio-1x1\" src=\"https:\/\/wp-dsfr.fr\/demo\/wp-content\/uploads\/sites\/2\/2024\/06\/cover-1-2-150x150.png\" alt=\"\"\/><\/div><\/div><\/div>\n\n\n\n<div class=\"fr-tile fr-tile--no-icon fr-enlarge-link\"><div class=\"fr-tile__body\"><div class=\"fr-tile__content\"><h3 class=\"fr-tile__title\"><a href=\"https:\/\/wp-dsfr.fr\/demo\/liste-des-blocs-wordpress-du-dsfr\/audio\/\" target=\"_self\" rel=\"noopener\">Audio<\/a><\/h3><p class=\"fr-tile__desc\"><\/p><p class=\"fr-tile__detail\"><\/p><div class=\"fr-tile__start\"><p class=\"fr-badge fr-badge--brown-opera\">bloc<\/p><\/div><\/div><\/div><div class=\"fr-tile__header\"><div class=\"fr-tile__pictogram\"><img decoding=\"async\" class=\"fr-ratio-1x1\" src=\"https:\/\/wp-dsfr.fr\/demo\/wp-content\/uploads\/sites\/2\/2024\/06\/audio-1-2-150x150.png\" alt=\"\"\/><\/div><\/div><\/div>\n\n\n\n<div class=\"fr-tile fr-tile--no-icon fr-enlarge-link\"><div class=\"fr-tile__body\"><div class=\"fr-tile__content\"><h3 class=\"fr-tile__title\"><a href=\"https:\/\/wp-dsfr.fr\/demo\/liste-des-blocs-wordpress-du-dsfr\/video\/\" target=\"_self\" rel=\"noopener\">Vid\u00e9o<\/a><\/h3><p class=\"fr-tile__desc\"><\/p><p class=\"fr-tile__detail\"><\/p><div class=\"fr-tile__start\"><p class=\"fr-badge fr-badge--brown-opera\">bloc<\/p><\/div><\/div><\/div><div class=\"fr-tile__header\"><div class=\"fr-tile__pictogram\"><img decoding=\"async\" class=\"fr-ratio-1x1\" src=\"https:\/\/wp-dsfr.fr\/demo\/wp-content\/uploads\/sites\/2\/2024\/06\/video-1-2-150x150.png\" alt=\"\"\/><\/div><\/div><\/div>\n\n\n\n<div class=\"fr-tile fr-tile--no-icon fr-enlarge-link\"><div class=\"fr-tile__body\"><div class=\"fr-tile__content\"><h3 class=\"fr-tile__title\"><a href=\"https:\/\/wp-dsfr.fr\/demo\/liste-des-blocs-wordpress-du-dsfr\/fichier\/\" target=\"_self\" rel=\"noopener\">Fichier<\/a><\/h3><p class=\"fr-tile__desc\"><\/p><p class=\"fr-tile__detail\"><\/p><div class=\"fr-tile__start\"><p class=\"fr-badge fr-badge--brown-opera\">bloc<\/p><\/div><\/div><\/div><div class=\"fr-tile__header\"><div class=\"fr-tile__pictogram\"><img decoding=\"async\" class=\"fr-ratio-1x1\" src=\"https:\/\/wp-dsfr.fr\/demo\/wp-content\/uploads\/sites\/2\/2024\/06\/file-1-2-150x150.png\" alt=\"\"\/><\/div><\/div><\/div>\n\n\n\n<div class=\"fr-tile fr-tile--no-icon fr-enlarge-link\"><div class=\"fr-tile__body\"><div class=\"fr-tile__content\"><h3 class=\"fr-tile__title\"><a href=\"https:\/\/wp-dsfr.fr\/demo\/liste-des-blocs-wordpress-du-dsfr\/bouton\/\" target=\"_self\" rel=\"noopener\">Bouton<\/a><\/h3><p class=\"fr-tile__desc\"><\/p><p class=\"fr-tile__detail\"><\/p><div class=\"fr-tile__start\"><p class=\"fr-badge fr-badge--brown-opera\">bloc<\/p><\/div><\/div><\/div><div class=\"fr-tile__header\"><div class=\"fr-tile__pictogram\"><img decoding=\"async\" class=\"fr-ratio-1x1\" src=\"https:\/\/wp-dsfr.fr\/demo\/wp-content\/uploads\/sites\/2\/2024\/06\/button-1-2-150x150.png\" alt=\"\"\/><\/div><\/div><\/div>\n\n\n\n<div class=\"fr-tile fr-tile--no-icon fr-enlarge-link\"><div class=\"fr-tile__body\"><div class=\"fr-tile__content\"><h3 class=\"fr-tile__title\"><a href=\"https:\/\/wp-dsfr.fr\/demo\/tuiles\/\" target=\"_self\" rel=\"noopener\">Tuile<\/a><\/h3><p class=\"fr-tile__desc\"><\/p><p class=\"fr-tile__detail\"><\/p><div class=\"fr-tile__start\"><p class=\"fr-badge fr-badge--brown-opera\">bloc<\/p><\/div><\/div><\/div><div class=\"fr-tile__header\"><div class=\"fr-tile__pictogram\"><img decoding=\"async\" class=\"fr-ratio-1x1\" src=\"https:\/\/wp-dsfr.fr\/demo\/wp-content\/uploads\/sites\/2\/2024\/06\/block-default-1-2-150x150.png\" alt=\"\"\/><\/div><\/div><\/div>\n\n\n\n<div class=\"fr-tile fr-tile--no-icon fr-enlarge-link\"><div class=\"fr-tile__body\"><div class=\"fr-tile__content\"><h3 class=\"fr-tile__title\"><a href=\"https:\/\/wp-dsfr.fr\/demo\/liste-des-blocs-wordpress-du-dsfr\/accordeon\/\" target=\"_self\" rel=\"noopener\">Accord\u00e9on<\/a><\/h3><p class=\"fr-tile__desc\"><\/p><p class=\"fr-tile__detail\"><\/p><div class=\"fr-tile__start\"><p class=\"fr-badge fr-badge--brown-opera\">bloc<\/p><\/div><\/div><\/div><div class=\"fr-tile__header\"><div class=\"fr-tile__pictogram\"><img decoding=\"async\" class=\"fr-ratio-1x1\" src=\"https:\/\/wp-dsfr.fr\/demo\/wp-content\/uploads\/sites\/2\/2024\/06\/block-default-1-2-150x150.png\" alt=\"\"\/><\/div><\/div><\/div>\n\n\n\n<div class=\"fr-tile fr-tile--no-icon fr-enlarge-link\"><div class=\"fr-tile__body\"><div class=\"fr-tile__content\"><h3 class=\"fr-tile__title\"><a href=\"https:\/\/wp-dsfr.fr\/demo\/liste-des-blocs-wordpress-du-dsfr\/accordeon\/\" target=\"_self\" rel=\"noopener\">FAQ<\/a><\/h3><p class=\"fr-tile__desc\"><\/p><p class=\"fr-tile__detail\"><\/p><div class=\"fr-tile__start\"><p class=\"fr-badge fr-badge--brown-opera\">bloc<\/p><\/div><\/div><\/div><div class=\"fr-tile__header\"><div class=\"fr-tile__pictogram\"><img decoding=\"async\" class=\"fr-ratio-1x1\" src=\"https:\/\/wp-dsfr.fr\/demo\/wp-content\/uploads\/sites\/2\/2024\/06\/block-default-1-2-150x150.png\" alt=\"\"\/><\/div><\/div><\/div>\n\n\n\n<div class=\"fr-tile fr-tile--no-icon fr-enlarge-link\"><div class=\"fr-tile__body\"><div class=\"fr-tile__content\"><h3 class=\"fr-tile__title\"><a href=\"https:\/\/wp-dsfr.fr\/demo\/liste-des-blocs-wordpress-du-dsfr\/onglet\/\" target=\"_self\" rel=\"noopener\">Onglets<\/a><\/h3><p class=\"fr-tile__desc\"><\/p><p class=\"fr-tile__detail\"><\/p><div class=\"fr-tile__start\"><p class=\"fr-badge fr-badge--brown-opera\">bloc<\/p><\/div><\/div><\/div><div class=\"fr-tile__header\"><div class=\"fr-tile__pictogram\"><img decoding=\"async\" class=\"fr-ratio-1x1\" src=\"https:\/\/wp-dsfr.fr\/demo\/wp-content\/uploads\/sites\/2\/2024\/06\/block-default-1-2-150x150.png\" alt=\"\"\/><\/div><\/div><\/div>\n\n\n\n<div class=\"fr-tile fr-enlarge-link\"><div class=\"fr-tile__body\"><div class=\"fr-tile__content\"><h3 class=\"fr-tile__title\"><a href=\"https:\/\/wp-dsfr.fr\/demo\/liste-des-blocs-wordpress-du-dsfr\/argument\/\" target=\"_self\" rel=\"noopener\">Arguments<\/a><\/h3><p class=\"fr-tile__desc\"><\/p><p class=\"fr-tile__detail\"><\/p><div class=\"fr-tile__start\"><p class=\"fr-badge fr-badge--blue-ecume\">Composition<\/p><\/div><\/div><\/div><div class=\"fr-tile__header\"><div class=\"fr-tile__pictogram\"><img decoding=\"async\" class=\"fr-ratio-1x1\" src=\"https:\/\/wp-dsfr.fr\/demo\/wp-content\/uploads\/sites\/2\/2024\/06\/block-default-1-2-150x150.png\" alt=\"\"\/><\/div><\/div><\/div>\n\n\n\n<div class=\"fr-tile fr-enlarge-link\"><div class=\"fr-tile__body\"><div class=\"fr-tile__content\"><h3 class=\"fr-tile__title\"><a href=\"https:\/\/wp-dsfr.fr\/demo\/liste-des-blocs-wordpress-du-dsfr\/badges\/\" target=\"_self\" rel=\"noopener\">Badge<\/a><\/h3><p class=\"fr-tile__desc\"><\/p><p class=\"fr-tile__detail\"><\/p><div class=\"fr-tile__start\"><p class=\"fr-badge fr-badge--blue-ecume\">Composition<\/p><\/div><\/div><\/div><div class=\"fr-tile__header\"><div class=\"fr-tile__pictogram\"><img decoding=\"async\" class=\"fr-ratio-1x1\" src=\"https:\/\/wp-dsfr.fr\/demo\/wp-content\/uploads\/sites\/2\/2024\/06\/block-default-1-2-150x150.png\" alt=\"\"\/><\/div><\/div><\/div>\n<\/div>\n<\/div><\/div>\n\n\n\n<div style=\"height:120px\" aria-hidden=\"true\" class=\"wp-block-spacer\"><\/div>\n\n\n\n<div class=\"wp-block-group\"><div class=\"wp-block-group__inner-container is-layout-constrained wp-block-group-is-layout-constrained\">\n<h2 class=\"wp-block-heading\">Blocs hero<\/h2>\n\n\n\n<p class=\"has-lg-font-size\">Ces compositions, associ\u00e9es au gabarit de page vide, feront une introduction parfaite pour chacune des pages de votre site.<\/p>\n\n\n\n<div class=\"fr-tiles-group\" style=\"--tiles-by-line:1;--tiles-by-line-sm:2;--tiles-by-line-md:4\">\n<div class=\"fr-tile fr-tile--no-icon fr-enlarge-link\"><div class=\"fr-tile__body\"><div class=\"fr-tile__content\"><h3 class=\"fr-tile__title\"><a href=\"https:\/\/wp-dsfr.fr\/demo\/liste-des-blocs-wordpress-du-dsfr\/hero-accueil\/\" target=\"_self\" rel=\"noopener\">Hero Accueil<\/a><\/h3><p class=\"fr-tile__desc\"><\/p><p class=\"fr-tile__detail\"><\/p><div class=\"fr-tile__start\"><p class=\"fr-badge fr-badge--blue-ecume\">Composition<\/p><\/div><\/div><\/div><div class=\"fr-tile__header\"><div class=\"fr-tile__pictogram\"><img decoding=\"async\" class=\"fr-ratio-1x1\" src=\"https:\/\/wp-dsfr.fr\/demo\/wp-content\/uploads\/sites\/2\/2024\/06\/block-default-1-2-150x150.png\" alt=\"\"\/><\/div><\/div><\/div>\n\n\n\n<div class=\"fr-tile fr-tile--no-icon fr-enlarge-link\"><div class=\"fr-tile__body\"><div class=\"fr-tile__content\"><h3 class=\"fr-tile__title\"><a href=\"https:\/\/wp-dsfr.fr\/demo\/liste-des-blocs-wordpress-du-dsfr\/hero-pictogramme\/\" target=\"_self\" rel=\"noopener\">Hero Pictogramme<\/a><\/h3><p class=\"fr-tile__desc\"><\/p><p class=\"fr-tile__detail\"><\/p><div class=\"fr-tile__start\"><p class=\"fr-badge fr-badge--blue-ecume\">Composition<\/p><\/div><\/div><\/div><div class=\"fr-tile__header\"><div class=\"fr-tile__pictogram\"><img decoding=\"async\" class=\"fr-ratio-1x1\" src=\"https:\/\/wp-dsfr.fr\/demo\/wp-content\/uploads\/sites\/2\/2024\/06\/block-default-1-2-150x150.png\" alt=\"\"\/><\/div><\/div><\/div>\n\n\n\n<div class=\"fr-tile fr-tile--no-icon fr-enlarge-link\"><div class=\"fr-tile__body\"><div class=\"fr-tile__content\"><h3 class=\"fr-tile__title\"><a href=\"https:\/\/wp-dsfr.fr\/demo\/liste-des-blocs-wordpress-du-dsfr\/hero-image\/\" target=\"_self\" rel=\"noopener\">Hero  Image<\/a><\/h3><p class=\"fr-tile__desc\"><\/p><p class=\"fr-tile__detail\"><\/p><div class=\"fr-tile__start\"><p class=\"fr-badge fr-badge--blue-ecume\">Composition<\/p><\/div><\/div><\/div><div class=\"fr-tile__header\"><div class=\"fr-tile__pictogram\"><img decoding=\"async\" class=\"fr-ratio-1x1\" src=\"https:\/\/wp-dsfr.fr\/demo\/wp-content\/uploads\/sites\/2\/2024\/06\/block-default-1-2-150x150.png\" alt=\"\"\/><\/div><\/div><\/div>\n<\/div>\n<\/div><\/div>\n","protected":false},"excerpt":{"rendered":"<p>Liste des blocs du th\u00e8me Retrouvez ici la liste des blocs natifs et suppl\u00e9mentaires permettant de construire votre site avec ce th\u00e8me. Ces blocs correspondent aux exigences du DSFR en utilisant au mieux les possibilit\u00e9s de l\u2019\u00e9diteur Gutenberg WordPress. Blocs texte Ces blocs seront la base de votre site web, ils permettent de mettre en [&hellip;]<\/p>\n","protected":false},"author":1,"featured_media":0,"parent":0,"menu_order":0,"comment_status":"closed","ping_status":"closed","template":"templates\/empty-page.php","meta":{"footnotes":""},"class_list":["post-30","page","type-page","status-publish","hentry"],"_links":{"self":[{"href":"https:\/\/wp-dsfr.fr\/demo\/wp-json\/wp\/v2\/pages\/30","targetHints":{"allow":["GET"]}}],"collection":[{"href":"https:\/\/wp-dsfr.fr\/demo\/wp-json\/wp\/v2\/pages"}],"about":[{"href":"https:\/\/wp-dsfr.fr\/demo\/wp-json\/wp\/v2\/types\/page"}],"author":[{"embeddable":true,"href":"https:\/\/wp-dsfr.fr\/demo\/wp-json\/wp\/v2\/users\/1"}],"replies":[{"embeddable":true,"href":"https:\/\/wp-dsfr.fr\/demo\/wp-json\/wp\/v2\/comments?post=30"}],"version-history":[{"count":3,"href":"https:\/\/wp-dsfr.fr\/demo\/wp-json\/wp\/v2\/pages\/30\/revisions"}],"predecessor-version":[{"id":579,"href":"https:\/\/wp-dsfr.fr\/demo\/wp-json\/wp\/v2\/pages\/30\/revisions\/579"}],"wp:attachment":[{"href":"https:\/\/wp-dsfr.fr\/demo\/wp-json\/wp\/v2\/media?parent=30"}],"curies":[{"name":"wp","href":"https:\/\/api.w.org\/{rel}","templated":true}]}}