{"id":353,"date":"2024-06-20T12:20:04","date_gmt":"2024-06-20T10:20:04","guid":{"rendered":"https:\/\/wp-dsfr.fr\/demo\/?page_id=353"},"modified":"2024-06-20T12:20:04","modified_gmt":"2024-06-20T10:20:04","slug":"tableau","status":"publish","type":"page","link":"https:\/\/wp-dsfr.fr\/demo\/liste-des-blocs-wordpress-du-dsfr\/tableau\/","title":{"rendered":"Tableau"},"content":{"rendered":"\n<h1 class=\"wp-block-heading\">Tableau<\/h1>\n\n\n\n<p>Le tableau permet de pr\u00e9senter une liste structur\u00e9e de donn\u00e9es textuelles et\/ou num\u00e9riques. Il permet de simplifier l\u2019analyse et la comparaison d\u2019information pour l\u2019utilisateur.<\/p>\n\n\n\n<figure class=\"wp-block-table\"><table><thead><tr><th>Section d&rsquo;ent\u00eate<\/th><th>Seconde colonne<\/th><\/tr><\/thead><tbody><tr><td>Premi\u00e8re ligne de contenu<\/td><td>Premi\u00e8re ligne de contenu<\/td><\/tr><tr><td>Seconde ligne de contenu<\/td><td>Seconde ligne de contenu<\/td><\/tr><\/tbody><tfoot><tr><td>Section de pied de page<\/td><td><\/td><\/tr><\/tfoot><\/table><figcaption class=\"wp-element-caption\">L\u00e9gende du tableau<\/figcaption><\/figure>\n\n\n\n<div style=\"height:var(--wp--preset--spacing--80)\" aria-hidden=\"true\" class=\"wp-block-spacer\"><\/div>\n\n\n\n<h2 class=\"wp-block-heading\">Styles avec palette de couleur<\/h2>\n\n\n\n<p>L&rsquo;ic\u00f4ne de citation peut utiliser les couleurs illustratives.<\/p>\n\n\n\n<div class=\"wp-block-columns is-layout-flex wp-container-core-columns-is-layout-1 wp-block-columns-is-layout-flex\">\n<div class=\"wp-block-column is-layout-flow wp-block-column-is-layout-flow\">\n<figure class=\"wp-block-table  fr-table--green-tilleul-verveine\"><table><thead><tr><th>Section d&rsquo;ent\u00eate<\/th><\/tr><\/thead><tbody><tr><td>Premi\u00e8re ligne de contenu<\/td><\/tr><tr><td>Seconde ligne de contenu<\/td><\/tr><\/tbody><tfoot><tr><td>Section de pied de page<\/td><\/tr><\/tfoot><\/table><\/figure>\n<\/div>\n\n\n\n<div class=\"wp-block-column is-layout-flow wp-block-column-is-layout-flow\">\n<figure class=\"wp-block-table  fr-table--yellow-moutarde\"><table><thead><tr><th>Section d&rsquo;ent\u00eate<\/th><\/tr><\/thead><tbody><tr><td>Premi\u00e8re ligne de contenu<\/td><\/tr><tr><td>Seconde ligne de contenu<\/td><\/tr><\/tbody><tfoot><tr><td>Section de pied de page<\/td><\/tr><\/tfoot><\/table><\/figure>\n<\/div>\n\n\n\n<div class=\"wp-block-column is-layout-flow wp-block-column-is-layout-flow\">\n<figure class=\"wp-block-table  fr-table--green-archipel\"><table><thead><tr><th>Section d&rsquo;ent\u00eate<\/th><\/tr><\/thead><tbody><tr><td>Premi\u00e8re ligne de contenu<\/td><\/tr><tr><td>Seconde ligne de contenu<\/td><\/tr><\/tbody><tfoot><tr><td>Section de pied de page<\/td><\/tr><\/tfoot><\/table><\/figure>\n<\/div>\n<\/div>\n\n\n\n<div style=\"height:var(--wp--preset--spacing--80)\" aria-hidden=\"true\" class=\"wp-block-spacer\"><\/div>\n","protected":false},"excerpt":{"rendered":"<p>Tableau Le tableau permet de pr\u00e9senter une liste structur\u00e9e de donn\u00e9es textuelles et\/ou num\u00e9riques. Il permet de simplifier l\u2019analyse et la comparaison d\u2019information pour l\u2019utilisateur. Section d&rsquo;ent\u00eate Seconde colonne Premi\u00e8re ligne de contenu Premi\u00e8re ligne de contenu Seconde ligne de contenu Seconde ligne de contenu Section de pied de page L\u00e9gende du tableau Styles avec [&hellip;]<\/p>\n","protected":false},"author":1,"featured_media":0,"parent":30,"menu_order":0,"comment_status":"closed","ping_status":"closed","template":"templates\/empty-page.php","meta":{"footnotes":""},"class_list":["post-353","page","type-page","status-publish","hentry"],"_links":{"self":[{"href":"https:\/\/wp-dsfr.fr\/demo\/wp-json\/wp\/v2\/pages\/353","targetHints":{"allow":["GET"]}}],"collection":[{"href":"https:\/\/wp-dsfr.fr\/demo\/wp-json\/wp\/v2\/pages"}],"about":[{"href":"https:\/\/wp-dsfr.fr\/demo\/wp-json\/wp\/v2\/types\/page"}],"author":[{"embeddable":true,"href":"https:\/\/wp-dsfr.fr\/demo\/wp-json\/wp\/v2\/users\/1"}],"replies":[{"embeddable":true,"href":"https:\/\/wp-dsfr.fr\/demo\/wp-json\/wp\/v2\/comments?post=353"}],"version-history":[{"count":0,"href":"https:\/\/wp-dsfr.fr\/demo\/wp-json\/wp\/v2\/pages\/353\/revisions"}],"up":[{"embeddable":true,"href":"https:\/\/wp-dsfr.fr\/demo\/wp-json\/wp\/v2\/pages\/30"}],"wp:attachment":[{"href":"https:\/\/wp-dsfr.fr\/demo\/wp-json\/wp\/v2\/media?parent=353"}],"curies":[{"name":"wp","href":"https:\/\/api.w.org\/{rel}","templated":true}]}}