{"id":369,"date":"2024-06-24T09:37:42","date_gmt":"2024-06-24T07:37:42","guid":{"rendered":"https:\/\/wp-dsfr.fr\/demo\/?page_id=369"},"modified":"2024-09-02T13:03:53","modified_gmt":"2024-09-02T11:03:53","slug":"image-galerie","status":"publish","type":"page","link":"https:\/\/wp-dsfr.fr\/demo\/liste-des-blocs-wordpress-du-dsfr\/image-galerie\/","title":{"rendered":"Image &amp; Galerie"},"content":{"rendered":"\n<h1 class=\"wp-block-heading\">Image &amp; Galerie<\/h1>\n\n\n\n<div style=\"height:var(--wp--preset--spacing--80)\" aria-hidden=\"true\" class=\"wp-block-spacer\"><\/div>\n\n\n\n<h2 class=\"wp-block-heading\">Image<\/h2>\n\n\n\n<p class=\"has-xl-font-size\">Les images sont utilis\u00e9es pour donner une information visuelle ou dans un but purement d\u00e9coratif. Les ratios d\u2019images suivants peuvent \u00eatre mise en place dans le respect de la grille responsive :<\/p>\n\n\n\n<div class=\"wp-block-columns is-layout-flex wp-container-core-columns-is-layout-1 wp-block-columns-is-layout-flex\">\n<div class=\"wp-block-column is-vertically-aligned-bottom is-layout-flow wp-block-column-is-layout-flow\"><div class=\"wp-block-image\">\n<figure class=\"alignleft size-full is-resized\"><img loading=\"lazy\" decoding=\"async\" width=\"1200\" height=\"734\" src=\"https:\/\/wp-dsfr.fr\/demo\/wp-content\/uploads\/sites\/2\/2024\/06\/delacroix_liberte-2.jpeg\" alt=\"\" class=\"wp-image-372\" style=\"object-fit:cover;width:320px;height:90px\" srcset=\"https:\/\/wp-dsfr.fr\/demo\/wp-content\/uploads\/sites\/2\/2024\/06\/delacroix_liberte-2.jpeg 1200w, https:\/\/wp-dsfr.fr\/demo\/wp-content\/uploads\/sites\/2\/2024\/06\/delacroix_liberte-2-300x184.jpeg 300w, https:\/\/wp-dsfr.fr\/demo\/wp-content\/uploads\/sites\/2\/2024\/06\/delacroix_liberte-2-1024x626.jpeg 1024w, https:\/\/wp-dsfr.fr\/demo\/wp-content\/uploads\/sites\/2\/2024\/06\/delacroix_liberte-2-768x470.jpeg 768w\" sizes=\"auto, (max-width: 1200px) 100vw, 1200px\" \/><figcaption class=\"wp-element-caption\">32:9<\/figcaption><\/figure><\/div><\/div>\n\n\n\n<div class=\"wp-block-column is-vertically-aligned-bottom is-layout-flow wp-block-column-is-layout-flow\">\n<figure class=\"wp-block-image size-full\"><img loading=\"lazy\" decoding=\"async\" width=\"1200\" height=\"734\" src=\"https:\/\/wp-dsfr.fr\/demo\/wp-content\/uploads\/sites\/2\/2024\/06\/delacroix_liberte-2.jpeg\" alt=\"\" class=\"wp-image-372\" style=\"aspect-ratio:16\/9;object-fit:cover\" srcset=\"https:\/\/wp-dsfr.fr\/demo\/wp-content\/uploads\/sites\/2\/2024\/06\/delacroix_liberte-2.jpeg 1200w, https:\/\/wp-dsfr.fr\/demo\/wp-content\/uploads\/sites\/2\/2024\/06\/delacroix_liberte-2-300x184.jpeg 300w, https:\/\/wp-dsfr.fr\/demo\/wp-content\/uploads\/sites\/2\/2024\/06\/delacroix_liberte-2-1024x626.jpeg 1024w, https:\/\/wp-dsfr.fr\/demo\/wp-content\/uploads\/sites\/2\/2024\/06\/delacroix_liberte-2-768x470.jpeg 768w\" sizes=\"auto, (max-width: 1200px) 100vw, 1200px\" \/><figcaption class=\"wp-element-caption\">16:9<\/figcaption><\/figure>\n<\/div>\n<\/div>\n\n\n\n<div class=\"wp-block-columns is-layout-flex wp-container-core-columns-is-layout-2 wp-block-columns-is-layout-flex\">\n<div class=\"wp-block-column is-vertically-aligned-bottom is-layout-flow wp-block-column-is-layout-flow\" style=\"flex-basis:15%\">\n<figure class=\"wp-block-image size-full\"><img loading=\"lazy\" decoding=\"async\" width=\"1200\" height=\"734\" src=\"https:\/\/wp-dsfr.fr\/demo\/wp-content\/uploads\/sites\/2\/2024\/06\/delacroix_liberte-2.jpeg\" alt=\"\" class=\"wp-image-372\" style=\"aspect-ratio:3\/2;object-fit:cover\" srcset=\"https:\/\/wp-dsfr.fr\/demo\/wp-content\/uploads\/sites\/2\/2024\/06\/delacroix_liberte-2.jpeg 1200w, https:\/\/wp-dsfr.fr\/demo\/wp-content\/uploads\/sites\/2\/2024\/06\/delacroix_liberte-2-300x184.jpeg 300w, https:\/\/wp-dsfr.fr\/demo\/wp-content\/uploads\/sites\/2\/2024\/06\/delacroix_liberte-2-1024x626.jpeg 1024w, https:\/\/wp-dsfr.fr\/demo\/wp-content\/uploads\/sites\/2\/2024\/06\/delacroix_liberte-2-768x470.jpeg 768w\" sizes=\"auto, (max-width: 1200px) 100vw, 1200px\" \/><figcaption class=\"wp-element-caption\">3:2<\/figcaption><\/figure>\n<\/div>\n\n\n\n<div class=\"wp-block-column is-vertically-aligned-bottom is-layout-flow wp-block-column-is-layout-flow\" style=\"flex-basis:15%\">\n<figure class=\"wp-block-image size-full\"><img loading=\"lazy\" decoding=\"async\" width=\"1200\" height=\"734\" src=\"https:\/\/wp-dsfr.fr\/demo\/wp-content\/uploads\/sites\/2\/2024\/06\/delacroix_liberte-2.jpeg\" alt=\"\" class=\"wp-image-372\" style=\"aspect-ratio:4\/3;object-fit:cover\" srcset=\"https:\/\/wp-dsfr.fr\/demo\/wp-content\/uploads\/sites\/2\/2024\/06\/delacroix_liberte-2.jpeg 1200w, https:\/\/wp-dsfr.fr\/demo\/wp-content\/uploads\/sites\/2\/2024\/06\/delacroix_liberte-2-300x184.jpeg 300w, https:\/\/wp-dsfr.fr\/demo\/wp-content\/uploads\/sites\/2\/2024\/06\/delacroix_liberte-2-1024x626.jpeg 1024w, https:\/\/wp-dsfr.fr\/demo\/wp-content\/uploads\/sites\/2\/2024\/06\/delacroix_liberte-2-768x470.jpeg 768w\" sizes=\"auto, (max-width: 1200px) 100vw, 1200px\" \/><figcaption class=\"wp-element-caption\">4:3<\/figcaption><\/figure>\n<\/div>\n\n\n\n<div class=\"wp-block-column is-vertically-aligned-bottom is-layout-flow wp-block-column-is-layout-flow\" style=\"flex-basis:15%\">\n<figure class=\"wp-block-image size-full\"><img loading=\"lazy\" decoding=\"async\" width=\"1200\" height=\"734\" src=\"https:\/\/wp-dsfr.fr\/demo\/wp-content\/uploads\/sites\/2\/2024\/06\/delacroix_liberte-2.jpeg\" alt=\"\" class=\"wp-image-372\" style=\"aspect-ratio:1;object-fit:cover\" srcset=\"https:\/\/wp-dsfr.fr\/demo\/wp-content\/uploads\/sites\/2\/2024\/06\/delacroix_liberte-2.jpeg 1200w, https:\/\/wp-dsfr.fr\/demo\/wp-content\/uploads\/sites\/2\/2024\/06\/delacroix_liberte-2-300x184.jpeg 300w, https:\/\/wp-dsfr.fr\/demo\/wp-content\/uploads\/sites\/2\/2024\/06\/delacroix_liberte-2-1024x626.jpeg 1024w, https:\/\/wp-dsfr.fr\/demo\/wp-content\/uploads\/sites\/2\/2024\/06\/delacroix_liberte-2-768x470.jpeg 768w\" sizes=\"auto, (max-width: 1200px) 100vw, 1200px\" \/><figcaption class=\"wp-element-caption\">1:1<\/figcaption><\/figure>\n<\/div>\n\n\n\n<div class=\"wp-block-column is-vertically-aligned-bottom is-layout-flow wp-block-column-is-layout-flow\" style=\"flex-basis:15%\">\n<figure class=\"wp-block-image size-full\"><img loading=\"lazy\" decoding=\"async\" width=\"1200\" height=\"734\" src=\"https:\/\/wp-dsfr.fr\/demo\/wp-content\/uploads\/sites\/2\/2024\/06\/delacroix_liberte-2.jpeg\" alt=\"\" class=\"wp-image-372\" style=\"aspect-ratio:3\/4;object-fit:cover\" srcset=\"https:\/\/wp-dsfr.fr\/demo\/wp-content\/uploads\/sites\/2\/2024\/06\/delacroix_liberte-2.jpeg 1200w, https:\/\/wp-dsfr.fr\/demo\/wp-content\/uploads\/sites\/2\/2024\/06\/delacroix_liberte-2-300x184.jpeg 300w, https:\/\/wp-dsfr.fr\/demo\/wp-content\/uploads\/sites\/2\/2024\/06\/delacroix_liberte-2-1024x626.jpeg 1024w, https:\/\/wp-dsfr.fr\/demo\/wp-content\/uploads\/sites\/2\/2024\/06\/delacroix_liberte-2-768x470.jpeg 768w\" sizes=\"auto, (max-width: 1200px) 100vw, 1200px\" \/><figcaption class=\"wp-element-caption\">3:4<\/figcaption><\/figure>\n<\/div>\n\n\n\n<div class=\"wp-block-column is-vertically-aligned-bottom is-layout-flow wp-block-column-is-layout-flow\" style=\"flex-basis:15%\">\n<figure class=\"wp-block-image size-full\"><img loading=\"lazy\" decoding=\"async\" width=\"1200\" height=\"734\" src=\"https:\/\/wp-dsfr.fr\/demo\/wp-content\/uploads\/sites\/2\/2024\/06\/delacroix_liberte-2.jpeg\" alt=\"\" class=\"wp-image-372\" style=\"aspect-ratio:2\/3;object-fit:cover\" srcset=\"https:\/\/wp-dsfr.fr\/demo\/wp-content\/uploads\/sites\/2\/2024\/06\/delacroix_liberte-2.jpeg 1200w, https:\/\/wp-dsfr.fr\/demo\/wp-content\/uploads\/sites\/2\/2024\/06\/delacroix_liberte-2-300x184.jpeg 300w, https:\/\/wp-dsfr.fr\/demo\/wp-content\/uploads\/sites\/2\/2024\/06\/delacroix_liberte-2-1024x626.jpeg 1024w, https:\/\/wp-dsfr.fr\/demo\/wp-content\/uploads\/sites\/2\/2024\/06\/delacroix_liberte-2-768x470.jpeg 768w\" sizes=\"auto, (max-width: 1200px) 100vw, 1200px\" \/><figcaption class=\"wp-element-caption\">2:3<\/figcaption><\/figure>\n<\/div>\n<\/div>\n\n\n\n<h3 class=\"wp-block-heading\">Conseil de contribution<\/h3>\n\n\n\n<ul class=\"wp-block-list\">\n<li>Utilisez des images et vid\u00e9os qui v\u00e9hiculent un message clair.<\/li>\n\n\n\n<li>Veillez \u00e0 homog\u00e9n\u00e9iser le style graphique de vos images et vid\u00e9os.<\/li>\n\n\n\n<li>Utilisez exclusivement des images, photos et vid\u00e9os libres de droit ou veiller \u00e0 vous acquitter des droits.<\/li>\n<\/ul>\n\n\n\n<div style=\"height:var(--wp--preset--spacing--80)\" aria-hidden=\"true\" class=\"wp-block-spacer\"><\/div>\n\n\n\n<h2 class=\"wp-block-heading\">Tailles recommand\u00e9es<\/h2>\n\n\n\n<div class=\"wp-block-columns is-layout-flex wp-container-core-columns-is-layout-3 wp-block-columns-is-layout-flex\">\n<div class=\"wp-block-column is-layout-flow wp-block-column-is-layout-flow\" style=\"flex-basis:15%\"><\/div>\n\n\n\n<div class=\"wp-block-column is-layout-flow wp-block-column-is-layout-flow\" style=\"flex-basis:75%\">\n<figure class=\"wp-block-image size-large\"><img loading=\"lazy\" decoding=\"async\" width=\"1024\" height=\"626\" src=\"https:\/\/wp-dsfr.fr\/demo\/wp-content\/uploads\/sites\/2\/2024\/06\/delacroix_liberte-2-1024x626.jpeg\" alt=\"\" class=\"wp-image-372\" style=\"aspect-ratio:1.7777777777777777;object-fit:cover\" srcset=\"https:\/\/wp-dsfr.fr\/demo\/wp-content\/uploads\/sites\/2\/2024\/06\/delacroix_liberte-2-1024x626.jpeg 1024w, https:\/\/wp-dsfr.fr\/demo\/wp-content\/uploads\/sites\/2\/2024\/06\/delacroix_liberte-2-300x184.jpeg 300w, https:\/\/wp-dsfr.fr\/demo\/wp-content\/uploads\/sites\/2\/2024\/06\/delacroix_liberte-2-768x470.jpeg 768w, https:\/\/wp-dsfr.fr\/demo\/wp-content\/uploads\/sites\/2\/2024\/06\/delacroix_liberte-2.jpeg 1200w\" sizes=\"auto, (max-width: 1024px) 100vw, 1024px\" \/><figcaption class=\"wp-element-caption\">Image en taille SM (75%)<\/figcaption><\/figure>\n<\/div>\n\n\n\n<div class=\"wp-block-column is-layout-flow wp-block-column-is-layout-flow\" style=\"flex-basis:15%\"><\/div>\n<\/div>\n\n\n\n<figure class=\"wp-block-image size-large\"><img loading=\"lazy\" decoding=\"async\" width=\"1024\" height=\"626\" src=\"https:\/\/wp-dsfr.fr\/demo\/wp-content\/uploads\/sites\/2\/2024\/06\/delacroix_liberte-2-1024x626.jpeg\" alt=\"\" class=\"wp-image-372\" style=\"aspect-ratio:16\/9;object-fit:cover\" srcset=\"https:\/\/wp-dsfr.fr\/demo\/wp-content\/uploads\/sites\/2\/2024\/06\/delacroix_liberte-2-1024x626.jpeg 1024w, https:\/\/wp-dsfr.fr\/demo\/wp-content\/uploads\/sites\/2\/2024\/06\/delacroix_liberte-2-300x184.jpeg 300w, https:\/\/wp-dsfr.fr\/demo\/wp-content\/uploads\/sites\/2\/2024\/06\/delacroix_liberte-2-768x470.jpeg 768w, https:\/\/wp-dsfr.fr\/demo\/wp-content\/uploads\/sites\/2\/2024\/06\/delacroix_liberte-2.jpeg 1200w\" sizes=\"auto, (max-width: 1024px) 100vw, 1024px\" \/><figcaption class=\"wp-element-caption\">Image en taille MD (100%)<\/figcaption><\/figure>\n\n\n\n<figure class=\"wp-block-image alignwide size-large\"><img loading=\"lazy\" decoding=\"async\" width=\"1024\" height=\"626\" src=\"https:\/\/wp-dsfr.fr\/demo\/wp-content\/uploads\/sites\/2\/2024\/06\/delacroix_liberte-2-1024x626.jpeg\" alt=\"\" class=\"wp-image-372\" srcset=\"https:\/\/wp-dsfr.fr\/demo\/wp-content\/uploads\/sites\/2\/2024\/06\/delacroix_liberte-2-1024x626.jpeg 1024w, https:\/\/wp-dsfr.fr\/demo\/wp-content\/uploads\/sites\/2\/2024\/06\/delacroix_liberte-2-300x184.jpeg 300w, https:\/\/wp-dsfr.fr\/demo\/wp-content\/uploads\/sites\/2\/2024\/06\/delacroix_liberte-2-768x470.jpeg 768w, https:\/\/wp-dsfr.fr\/demo\/wp-content\/uploads\/sites\/2\/2024\/06\/delacroix_liberte-2.jpeg 1200w\" sizes=\"auto, (max-width: 1024px) 100vw, 1024px\" \/><figcaption class=\"wp-element-caption\">Image en taille LG (125%)<\/figcaption><\/figure>\n\n\n\n<div style=\"height:var(--wp--preset--spacing--80)\" aria-hidden=\"true\" class=\"wp-block-spacer\"><\/div>\n\n\n\n<h2 class=\"wp-block-heading\">Galerie<\/h2>\n\n\n\n<p class=\"has-xl-font-size\">Le bloc Galerie vous permet d&rsquo;ajouter facilement plusieurs photos et de les organiser automatiquement dans une galerie. Vous pouvez contr\u00f4ler le nombre de colonnes et la taille des images dans la galerie.<\/p>\n\n\n\n<figure class=\"wp-block-gallery has-nested-images columns-3 is-cropped wp-block-gallery-1 is-layout-flex wp-block-gallery-is-layout-flex\">\n<figure class=\"wp-block-image size-large\"><img loading=\"lazy\" decoding=\"async\" width=\"1024\" height=\"683\" data-id=\"8\" src=\"https:\/\/wp-dsfr.fr\/demo\/wp-content\/uploads\/sites\/2\/2024\/05\/elysee-parvis-2-1024x683.jpeg\" alt=\"\" class=\"wp-image-8\" srcset=\"https:\/\/wp-dsfr.fr\/demo\/wp-content\/uploads\/sites\/2\/2024\/05\/elysee-parvis-2-1024x683.jpeg 1024w, https:\/\/wp-dsfr.fr\/demo\/wp-content\/uploads\/sites\/2\/2024\/05\/elysee-parvis-2-300x200.jpeg 300w, https:\/\/wp-dsfr.fr\/demo\/wp-content\/uploads\/sites\/2\/2024\/05\/elysee-parvis-2-768x512.jpeg 768w, https:\/\/wp-dsfr.fr\/demo\/wp-content\/uploads\/sites\/2\/2024\/05\/elysee-parvis-2-1536x1024.jpeg 1536w, https:\/\/wp-dsfr.fr\/demo\/wp-content\/uploads\/sites\/2\/2024\/05\/elysee-parvis-2-2048x1366.jpeg 2048w\" sizes=\"auto, (max-width: 1024px) 100vw, 1024px\" \/><\/figure>\n\n\n\n<figure class=\"wp-block-image size-full\"><img loading=\"lazy\" decoding=\"async\" width=\"760\" height=\"530\" data-id=\"54\" src=\"https:\/\/wp-dsfr.fr\/demo\/wp-content\/uploads\/sites\/2\/2024\/05\/drapeau-illustration-2.avif\" alt=\"\" class=\"wp-image-54\" srcset=\"https:\/\/wp-dsfr.fr\/demo\/wp-content\/uploads\/sites\/2\/2024\/05\/drapeau-illustration-2.avif 760w, https:\/\/wp-dsfr.fr\/demo\/wp-content\/uploads\/sites\/2\/2024\/05\/drapeau-illustration-2-300x209.avif 300w\" sizes=\"auto, (max-width: 760px) 100vw, 760px\" \/><\/figure>\n\n\n\n<figure class=\"wp-block-image size-large\"><img loading=\"lazy\" decoding=\"async\" width=\"716\" height=\"1024\" data-id=\"61\" src=\"https:\/\/wp-dsfr.fr\/demo\/wp-content\/uploads\/sites\/2\/2024\/05\/devise-illustration-2-716x1024.avif\" alt=\"\" class=\"wp-image-61\" srcset=\"https:\/\/wp-dsfr.fr\/demo\/wp-content\/uploads\/sites\/2\/2024\/05\/devise-illustration-2-716x1024.avif 716w, https:\/\/wp-dsfr.fr\/demo\/wp-content\/uploads\/sites\/2\/2024\/05\/devise-illustration-2-210x300.avif 210w, https:\/\/wp-dsfr.fr\/demo\/wp-content\/uploads\/sites\/2\/2024\/05\/devise-illustration-2.avif 760w\" sizes=\"auto, (max-width: 716px) 100vw, 716px\" \/><figcaption class=\"wp-element-caption\">Place du Trocad\u00e9ro, 14 juillet 2020 \u00a9 Pr\u00e9sidence de la R\u00e9publique<\/figcaption><\/figure>\n\n\n\n<figure class=\"wp-block-image size-large\"><img loading=\"lazy\" decoding=\"async\" width=\"1024\" height=\"416\" data-id=\"49\" src=\"https:\/\/wp-dsfr.fr\/demo\/wp-content\/uploads\/sites\/2\/2024\/05\/delacroix_liberte-e1719214617296-2-1024x416.jpeg\" alt=\"\" class=\"wp-image-49\" srcset=\"https:\/\/wp-dsfr.fr\/demo\/wp-content\/uploads\/sites\/2\/2024\/05\/delacroix_liberte-e1719214617296-2-1024x416.jpeg 1024w, https:\/\/wp-dsfr.fr\/demo\/wp-content\/uploads\/sites\/2\/2024\/05\/delacroix_liberte-e1719214617296-2-300x122.jpeg 300w, https:\/\/wp-dsfr.fr\/demo\/wp-content\/uploads\/sites\/2\/2024\/05\/delacroix_liberte-e1719214617296-2-768x312.jpeg 768w, https:\/\/wp-dsfr.fr\/demo\/wp-content\/uploads\/sites\/2\/2024\/05\/delacroix_liberte-e1719214617296-2.jpeg 1200w\" sizes=\"auto, (max-width: 1024px) 100vw, 1024px\" \/><\/figure>\n<\/figure>\n\n\n\n<div style=\"height:var(--wp--preset--spacing--80)\" aria-hidden=\"true\" class=\"wp-block-spacer\"><\/div>\n","protected":false},"excerpt":{"rendered":"<p>Image &amp; Galerie Image Les images sont utilis\u00e9es pour donner une information visuelle ou dans un but purement d\u00e9coratif. Les ratios d\u2019images suivants peuvent \u00eatre mise en place dans le respect de la grille responsive : Conseil de contribution Tailles recommand\u00e9es Galerie Le bloc Galerie vous permet d&rsquo;ajouter facilement plusieurs photos et de les organiser [&hellip;]<\/p>\n","protected":false},"author":1,"featured_media":0,"parent":30,"menu_order":0,"comment_status":"closed","ping_status":"closed","template":"templates\/empty-page.php","meta":{"footnotes":""},"class_list":["post-369","page","type-page","status-publish","hentry"],"_links":{"self":[{"href":"https:\/\/wp-dsfr.fr\/demo\/wp-json\/wp\/v2\/pages\/369","targetHints":{"allow":["GET"]}}],"collection":[{"href":"https:\/\/wp-dsfr.fr\/demo\/wp-json\/wp\/v2\/pages"}],"about":[{"href":"https:\/\/wp-dsfr.fr\/demo\/wp-json\/wp\/v2\/types\/page"}],"author":[{"embeddable":true,"href":"https:\/\/wp-dsfr.fr\/demo\/wp-json\/wp\/v2\/users\/1"}],"replies":[{"embeddable":true,"href":"https:\/\/wp-dsfr.fr\/demo\/wp-json\/wp\/v2\/comments?post=369"}],"version-history":[{"count":4,"href":"https:\/\/wp-dsfr.fr\/demo\/wp-json\/wp\/v2\/pages\/369\/revisions"}],"predecessor-version":[{"id":473,"href":"https:\/\/wp-dsfr.fr\/demo\/wp-json\/wp\/v2\/pages\/369\/revisions\/473"}],"up":[{"embeddable":true,"href":"https:\/\/wp-dsfr.fr\/demo\/wp-json\/wp\/v2\/pages\/30"}],"wp:attachment":[{"href":"https:\/\/wp-dsfr.fr\/demo\/wp-json\/wp\/v2\/media?parent=369"}],"curies":[{"name":"wp","href":"https:\/\/api.w.org\/{rel}","templated":true}]}}