{"id":417,"date":"2024-06-25T17:43:25","date_gmt":"2024-06-25T15:43:25","guid":{"rendered":"https:\/\/wp-dsfr.fr\/demo\/?page_id=417"},"modified":"2024-09-03T10:36:31","modified_gmt":"2024-09-03T08:36:31","slug":"fichier","status":"publish","type":"page","link":"https:\/\/wp-dsfr.fr\/demo\/liste-des-blocs-wordpress-du-dsfr\/fichier\/","title":{"rendered":"Fichier"},"content":{"rendered":"\n<h1 class=\"wp-block-heading\">Fichier<\/h1>\n\n\n\n<p class=\"has-xl-font-size\">Le lien de t\u00e9l\u00e9chargement permet de mettre \u00e0 disposition un ou plusieurs fichiers en t\u00e9l\u00e9chargement au fil du texte pour que l\u2019utilisateur puisse les t\u00e9l\u00e9charger. Il est compos\u00e9 d&rsquo;un titre de fichier, d&rsquo;une ic\u00f4ne pour expliciter l&rsquo;action ainsi que du format et poids du fichier. <\/p>\n\n\n\n<div style=\"height:var(--wp--preset--spacing--80)\" aria-hidden=\"true\" class=\"wp-block-spacer\"><\/div>\n\n\n\n<h2 class=\"wp-block-heading\">Exemple de bloc fichier en format lien<\/h2>\n\n\n\n<div class=\"wp-block-file\"><a id=\"wp-block-file--media-a1d86820-25d2-47b9-ac3c-f6d62a6365b2\" href=\"https:\/\/wp-dsfr.fr\/demo\/wp-content\/uploads\/sites\/2\/2024\/06\/delacroix_liberte-2.jpeg\" target=\"_blank\" rel=\"noreferrer noopener\">T\u00e9l\u00e9charger le tableau de Eug\u00e8ne Delacroix<span class=\"fr-link__detail\">JPEG \u2013 290 Ko<\/span><\/a><a href=\"https:\/\/wp-dsfr.fr\/demo\/wp-content\/uploads\/sites\/2\/2024\/06\/delacroix_liberte-2.jpeg\" class=\"wp-block-file__button wp-element-button\" download aria-describedby=\"wp-block-file--media-a1d86820-25d2-47b9-ac3c-f6d62a6365b2\">T\u00e9l\u00e9charger<\/a><\/div>\n\n\n\n<div style=\"height:100px\" aria-hidden=\"true\" class=\"wp-block-spacer\"><\/div>\n\n\n\n<h2 class=\"wp-block-heading\">Exemple d&rsquo;utilisation<\/h2>\n\n\n\n<div style=\"height:var(--wp--preset--spacing--50)\" aria-hidden=\"true\" class=\"wp-block-spacer\"><\/div>\n\n\n\n<div class=\"wp-block-media-text is-stacked-on-mobile is-vertically-aligned-top\" style=\"grid-template-columns:20% auto\"><figure class=\"wp-block-media-text__media\"><img loading=\"lazy\" decoding=\"async\" width=\"320\" height=\"320\" src=\"https:\/\/wp-dsfr.fr\/demo\/wp-content\/uploads\/sites\/2\/2024\/06\/archives-2.png\" alt=\"\" class=\"wp-image-301 size-full\" srcset=\"https:\/\/wp-dsfr.fr\/demo\/wp-content\/uploads\/sites\/2\/2024\/06\/archives-2.png 320w, https:\/\/wp-dsfr.fr\/demo\/wp-content\/uploads\/sites\/2\/2024\/06\/archives-2-300x300.png 300w, https:\/\/wp-dsfr.fr\/demo\/wp-content\/uploads\/sites\/2\/2024\/06\/archives-2-150x150.png 150w\" sizes=\"auto, (max-width: 320px) 100vw, 320px\" \/><\/figure><div class=\"wp-block-media-text__content\">\n<h3 class=\"wp-block-heading has-h-5-font-size\">Retrouvez toutes nos dossiers \u00e0 t\u00e9l\u00e9charger<\/h3>\n\n\n\n<div class=\"wp-block-file\"><a id=\"wp-block-file--media-e566bff2-d68e-4472-94c0-6912e0b1912d\" href=\"https:\/\/wp-dsfr.fr\/demo\/wp-content\/uploads\/sites\/2\/2024\/06\/delacroix_liberte-2.jpeg\" target=\"_blank\" rel=\"noreferrer noopener\">T\u00e9l\u00e9charger le tableau d&rsquo;Eug\u00e8ne Delacroix<span class=\"fr-link__detail\">JPEG \u2013 290 Ko<\/span><\/a><a href=\"https:\/\/wp-dsfr.fr\/demo\/wp-content\/uploads\/sites\/2\/2024\/06\/delacroix_liberte-2.jpeg\" class=\"wp-block-file__button wp-element-button\" download aria-describedby=\"wp-block-file--media-e566bff2-d68e-4472-94c0-6912e0b1912d\">T\u00e9l\u00e9charger<\/a><\/div>\n\n\n\n<div class=\"wp-block-file\"><a id=\"wp-block-file--media-4d4d1681-07eb-4c2d-b09b-0701b889d080\" href=\"https:\/\/wp-dsfr.fr\/demo\/wp-content\/uploads\/sites\/2\/2024\/06\/Arthur-Rimbaud-2.png\" target=\"_blank\" rel=\"noreferrer noopener\">T\u00e9l\u00e9charger le portrait d&rsquo;Arthur Rimbaud<span class=\"fr-link__detail\">PNG \u2013 233 Ko<\/span><\/a><a href=\"https:\/\/wp-dsfr.fr\/demo\/wp-content\/uploads\/sites\/2\/2024\/06\/Arthur-Rimbaud-2.png\" class=\"wp-block-file__button wp-element-button\" download aria-describedby=\"wp-block-file--media-4d4d1681-07eb-4c2d-b09b-0701b889d080\">T\u00e9l\u00e9charger<\/a><\/div>\n\n\n\n<div class=\"wp-block-file\"><a id=\"wp-block-file--media-78d5ae80-10c9-43dd-a21e-7d4ab7e3877d\" href=\"https:\/\/wp-dsfr.fr\/demo\/wp-content\/uploads\/sites\/2\/2024\/05\/favicon-512x512-1-2.png\" target=\"_blank\" rel=\"noreferrer noopener\">T\u00e9l\u00e9charger le logo de Marianne<span class=\"fr-link__detail\">PNG \u2013 9 Ko<\/span><\/a><a href=\"https:\/\/wp-dsfr.fr\/demo\/wp-content\/uploads\/sites\/2\/2024\/05\/favicon-512x512-1-2.png\" class=\"wp-block-file__button wp-element-button\" download aria-describedby=\"wp-block-file--media-78d5ae80-10c9-43dd-a21e-7d4ab7e3877d\">T\u00e9l\u00e9charger<\/a><\/div>\n<\/div><\/div>\n\n\n\n<div style=\"height:var(--wp--preset--spacing--80)\" aria-hidden=\"true\" class=\"wp-block-spacer\"><\/div>\n","protected":false},"excerpt":{"rendered":"<p>Fichier Le lien de t\u00e9l\u00e9chargement permet de mettre \u00e0 disposition un ou plusieurs fichiers en t\u00e9l\u00e9chargement au fil du texte pour que l\u2019utilisateur puisse les t\u00e9l\u00e9charger. Il est compos\u00e9 d&rsquo;un titre de fichier, d&rsquo;une ic\u00f4ne pour expliciter l&rsquo;action ainsi que du format et poids du fichier. Exemple de bloc fichier en format lien Exemple d&rsquo;utilisation<\/p>\n","protected":false},"author":1,"featured_media":0,"parent":30,"menu_order":0,"comment_status":"closed","ping_status":"closed","template":"templates\/empty-page.php","meta":{"footnotes":""},"class_list":["post-417","page","type-page","status-publish","hentry"],"_links":{"self":[{"href":"https:\/\/wp-dsfr.fr\/demo\/wp-json\/wp\/v2\/pages\/417","targetHints":{"allow":["GET"]}}],"collection":[{"href":"https:\/\/wp-dsfr.fr\/demo\/wp-json\/wp\/v2\/pages"}],"about":[{"href":"https:\/\/wp-dsfr.fr\/demo\/wp-json\/wp\/v2\/types\/page"}],"author":[{"embeddable":true,"href":"https:\/\/wp-dsfr.fr\/demo\/wp-json\/wp\/v2\/users\/1"}],"replies":[{"embeddable":true,"href":"https:\/\/wp-dsfr.fr\/demo\/wp-json\/wp\/v2\/comments?post=417"}],"version-history":[{"count":3,"href":"https:\/\/wp-dsfr.fr\/demo\/wp-json\/wp\/v2\/pages\/417\/revisions"}],"predecessor-version":[{"id":517,"href":"https:\/\/wp-dsfr.fr\/demo\/wp-json\/wp\/v2\/pages\/417\/revisions\/517"}],"up":[{"embeddable":true,"href":"https:\/\/wp-dsfr.fr\/demo\/wp-json\/wp\/v2\/pages\/30"}],"wp:attachment":[{"href":"https:\/\/wp-dsfr.fr\/demo\/wp-json\/wp\/v2\/media?parent=417"}],"curies":[{"name":"wp","href":"https:\/\/api.w.org\/{rel}","templated":true}]}}