{"id":457,"date":"2024-05-28T16:57:43","date_gmt":"2024-05-28T14:57:43","guid":{"rendered":"https:\/\/wp-dsfr.fr\/demo\/?page_id=118"},"modified":"2024-09-02T13:36:15","modified_gmt":"2024-09-02T11:36:15","slug":"bouton","status":"publish","type":"page","link":"https:\/\/wp-dsfr.fr\/demo\/liste-des-blocs-wordpress-du-dsfr\/bouton\/","title":{"rendered":"Bouton &amp; lien"},"content":{"rendered":"\n<h1 class=\"wp-block-heading\">Boutons et liens<\/h1>\n\n\n\n<p class=\"has-xl-font-size\">Le bouton est un \u00e9l\u00e9ment d\u2019interaction avec l\u2019interface permettant \u00e0 l\u2019utilisateur d\u2019effectuer une action.<\/p>\n\n\n\n<p class=\"has-xl-font-size\">Le lien permet la navigation entre une page et un autre contenu au sein de la m\u00eame page, du m\u00eame site ou externe.&nbsp;<\/p>\n\n\n\n<div style=\"height:100px\" aria-hidden=\"true\" class=\"wp-block-spacer\"><\/div>\n\n\n\n<h2 class=\"wp-block-heading\">Types de boutons et liens<\/h2>\n\n\n\n<p class=\"has-xl-font-size\">Retrouvez ici toutes les possibilit\u00e9s de personnalisation des boutons \u00e0 travers ce th\u00e8me. Trois types de boutons et un lien sont disponibles via la s\u00e9lection de style de WordPress :<\/p>\n\n\n\n<div class=\"wp-block-buttons is-layout-flex wp-block-buttons-is-layout-flex\">\n<div class=\"wp-block-button is-style-fill\"><a class=\"wp-block-button__link wp-element-button\">Primaire<\/a><\/div>\n\n\n\n<div class=\"wp-block-button is-style-secondary\"><a class=\"wp-block-button__link wp-element-button\">Secondaire<\/a><\/div>\n\n\n\n<div class=\"wp-block-button is-style-tertiary\"><a class=\"wp-block-button__link wp-element-button\">Tertiaire<\/a><\/div>\n\n\n\n<div class=\"wp-block-button is-style-link\"><a class=\"wp-block-button__link wp-element-button\">Lien simple<\/a><\/div>\n<\/div>\n\n\n\n<div style=\"height:var(--wp--preset--spacing--70)\" aria-hidden=\"true\" class=\"wp-block-spacer\"><\/div>\n\n\n\n<h2 class=\"wp-block-heading\">Personnalisation des boutons<\/h2>\n\n\n\n<div class=\"wp-block-buttons is-layout-flex wp-block-buttons-is-layout-flex\">\n<div class=\"wp-block-button is-style-fill\"><a class=\"wp-block-button__link wp-element-button\">Bouton<\/a><\/div>\n<\/div>\n\n\n\n<h3 class=\"wp-block-heading\">Avec une ic\u00f4ne<\/h3>\n\n\n\n<div class=\"wp-block-buttons is-layout-flex wp-block-buttons-is-layout-flex\">\n<div class=\"wp-block-button is-style-fill fr-icon-information-line fr-btn--icon-left\"><a class=\"wp-block-button__link wp-element-button\">Ic\u00f4ne \u00e0 gauche<\/a><\/div>\n\n\n\n<div class=\"wp-block-button is-style-fill fr-icon-information-line fr-btn--icon-right\"><a class=\"wp-block-button__link wp-element-button\">Ic\u00f4ne \u00e0 droite<\/a><\/div>\n\n\n\n<div class=\"wp-block-button is-style-fill fr-icon-information-line fr-btn--icon\"><a class=\"wp-block-button__link wp-element-button\">bouton<\/a><\/div>\n<\/div>\n\n\n\n<h3 class=\"wp-block-heading\">Variation de taille<\/h3>\n\n\n\n<div class=\"wp-block-buttons is-layout-flex wp-block-buttons-is-layout-flex\">\n<div class=\"wp-block-button is-style-fill fr-btn--sm\"><a class=\"wp-block-button__link wp-element-button\">Small<\/a><\/div>\n\n\n\n<div class=\"wp-block-button is-style-fill fr-btn--md\"><a class=\"wp-block-button__link wp-element-button\">Medium<\/a><\/div>\n\n\n\n<div class=\"wp-block-button is-style-fill fr-btn--lg\"><a class=\"wp-block-button__link wp-element-button\">Large<\/a><\/div>\n<\/div>\n\n\n\n<div style=\"height:var(--wp--preset--spacing--70)\" aria-hidden=\"true\" class=\"wp-block-spacer\"><\/div>\n\n\n\n<h2 class=\"wp-block-heading\">Personnalisation des liens<\/h2>\n\n\n\n<div class=\"wp-block-buttons is-layout-flex wp-block-buttons-is-layout-flex\">\n<div class=\"wp-block-button is-style-link\"><a class=\"wp-block-button__link wp-element-button\">Lien simple<\/a><\/div>\n<\/div>\n\n\n\n<h3 class=\"wp-block-heading\">Avec une ic\u00f4ne<\/h3>\n\n\n\n<div class=\"wp-block-buttons is-layout-flex wp-block-buttons-is-layout-flex\">\n<div class=\"wp-block-button is-style-link fr-fi-arrow-left-line fr-link--icon-left\"><a class=\"wp-block-button__link wp-element-button\">Ic\u00f4ne \u00e0 gauche<\/a><\/div>\n\n\n\n<div class=\"wp-block-button is-style-link fr-fi-arrow-right-line fr-link--icon-right\"><a class=\"wp-block-button__link wp-element-button\">Ic\u00f4ne \u00e0 droite<\/a><\/div>\n<\/div>\n\n\n\n<h3 class=\"wp-block-heading\">Variation de taille<\/h3>\n\n\n\n<div class=\"wp-block-buttons is-layout-flex wp-block-buttons-is-layout-flex\">\n<div class=\"wp-block-button is-style-link fr-link--sm\"><a class=\"wp-block-button__link wp-element-button\">Ic\u00f4ne \u00e0 gauche<\/a><\/div>\n\n\n\n<div class=\"wp-block-button is-style-link fr-link--md\"><a class=\"wp-block-button__link wp-element-button\">Lien Medium<\/a><\/div>\n\n\n\n<div class=\"wp-block-button is-style-link fr-link--lg\"><a class=\"wp-block-button__link wp-element-button\">Ic\u00f4ne \u00e0 droite<\/a><\/div>\n<\/div>\n\n\n\n<div style=\"height:var(--wp--preset--spacing--70)\" aria-hidden=\"true\" class=\"wp-block-spacer\"><\/div>\n\n\n\n<h2 class=\"wp-block-heading\">Exemple d&rsquo;utilisation<\/h2>\n\n\n\n<div class=\"wp-block-media-text alignfull is-stacked-on-mobile\"><figure class=\"wp-block-media-text__media\"><img loading=\"lazy\" decoding=\"async\" width=\"1024\" height=\"626\" src=\"https:\/\/wp-dsfr.fr\/demo\/wp-content\/uploads\/sites\/2\/2024\/06\/delacroix_liberte-2-1024x626.jpeg\" alt=\"\" class=\"wp-image-372 size-full\" srcset=\"https:\/\/wp-dsfr.fr\/demo\/wp-content\/uploads\/sites\/2\/2024\/06\/delacroix_liberte-2-1024x626.jpeg 1024w, https:\/\/wp-dsfr.fr\/demo\/wp-content\/uploads\/sites\/2\/2024\/06\/delacroix_liberte-2-300x184.jpeg 300w, https:\/\/wp-dsfr.fr\/demo\/wp-content\/uploads\/sites\/2\/2024\/06\/delacroix_liberte-2-768x470.jpeg 768w, https:\/\/wp-dsfr.fr\/demo\/wp-content\/uploads\/sites\/2\/2024\/06\/delacroix_liberte-2.jpeg 1200w\" sizes=\"auto, (max-width: 1024px) 100vw, 1024px\" \/><\/figure><div class=\"wp-block-media-text__content\">\n<h3 class=\"wp-block-heading\">Ceci est un bloc m\u00e9dia &amp; texte<\/h3>\n\n\n\n<p>Voici un exemple de paragraphe pour montrer comment int\u00e9grer un bouton dans une page. Il suffit d&rsquo;ajouter une introduction pour contextualiser le bouton, ceci permet de savoir pr\u00e9cis\u00e9ment ce que fera le bouton.<\/p>\n\n\n\n<div class=\"wp-block-buttons is-layout-flex wp-block-buttons-is-layout-flex\">\n<div class=\"wp-block-button\"><a class=\"wp-block-button__link wp-element-button\">Cliquez sur moi<\/a><\/div>\n<\/div>\n<\/div><\/div>\n","protected":false},"excerpt":{"rendered":"<p>Boutons et liens Le bouton est un \u00e9l\u00e9ment d\u2019interaction avec l\u2019interface permettant \u00e0 l\u2019utilisateur d\u2019effectuer une action. Le lien permet la navigation entre une page et un autre contenu au sein de la m\u00eame page, du m\u00eame site ou externe.&nbsp; Types de boutons et liens Retrouvez ici toutes les possibilit\u00e9s de personnalisation des boutons \u00e0 [&hellip;]<\/p>\n","protected":false},"author":1,"featured_media":0,"parent":30,"menu_order":0,"comment_status":"closed","ping_status":"closed","template":"templates\/empty-page.php","meta":{"footnotes":""},"class_list":["post-457","page","type-page","status-publish","hentry"],"_links":{"self":[{"href":"https:\/\/wp-dsfr.fr\/demo\/wp-json\/wp\/v2\/pages\/457","targetHints":{"allow":["GET"]}}],"collection":[{"href":"https:\/\/wp-dsfr.fr\/demo\/wp-json\/wp\/v2\/pages"}],"about":[{"href":"https:\/\/wp-dsfr.fr\/demo\/wp-json\/wp\/v2\/types\/page"}],"author":[{"embeddable":true,"href":"https:\/\/wp-dsfr.fr\/demo\/wp-json\/wp\/v2\/users\/1"}],"replies":[{"embeddable":true,"href":"https:\/\/wp-dsfr.fr\/demo\/wp-json\/wp\/v2\/comments?post=457"}],"version-history":[{"count":1,"href":"https:\/\/wp-dsfr.fr\/demo\/wp-json\/wp\/v2\/pages\/457\/revisions"}],"predecessor-version":[{"id":497,"href":"https:\/\/wp-dsfr.fr\/demo\/wp-json\/wp\/v2\/pages\/457\/revisions\/497"}],"up":[{"embeddable":true,"href":"https:\/\/wp-dsfr.fr\/demo\/wp-json\/wp\/v2\/pages\/30"}],"wp:attachment":[{"href":"https:\/\/wp-dsfr.fr\/demo\/wp-json\/wp\/v2\/media?parent=457"}],"curies":[{"name":"wp","href":"https:\/\/api.w.org\/{rel}","templated":true}]}}