{"id":7,"date":"2024-05-28T10:05:26","date_gmt":"2024-05-28T08:05:26","guid":{"rendered":"https:\/\/wp-dsfr.fr\/demo\/?page_id=7"},"modified":"2025-03-12T17:06:37","modified_gmt":"2025-03-12T16:06:37","slug":"accueil","status":"publish","type":"page","link":"https:\/\/wp-dsfr.fr\/demo\/","title":{"rendered":"Accueil"},"content":{"rendered":"\n<header class=\"wp-block-group alignfull wp-block-group--hero\"><div class=\"wp-block-group__inner-container is-layout-constrained wp-block-group-is-layout-constrained\">\n<div class=\"wp-block-columns alignwide is-layout-flex wp-container-core-columns-is-layout-1 wp-block-columns-is-layout-flex\">\n<div class=\"wp-block-column is-layout-flow wp-block-column-is-layout-flow\" style=\"flex-basis:50%\">\n<h1 class=\"wp-block-heading is-style-flag-fr has-h-1-font-size\">Cr\u00e9ez votre site WordPress avec le th\u00e8me officiel de l\u2019\u00c9tat<\/h1>\n\n\n\n<p class=\"has-xl-font-size\">Fait pour WordPress avec l\u2019\u00e9diteur de bloc Gutenberg, ce th\u00e8me comporte une grande partie des fonctionnalit\u00e9s du Syst\u00e8me de Design de l\u2019\u00c9tat Fran\u00e7ais.<\/p>\n\n\n\n<div class=\"wp-block-buttons is-layout-flex wp-block-buttons-is-layout-flex\">\n<div class=\"wp-block-button fr-btn--lg\"><a class=\"wp-block-button__link wp-element-button\" href=\"https:\/\/github.com\/beapi\/wp-dsfr\" target=\"_blank\" rel=\"noreferrer noopener\">Utiliser ce th\u00e8me<\/a><\/div>\n<\/div>\n<\/div>\n\n\n\n<div class=\"wp-block-column is-layout-flow wp-block-column-is-layout-flow\" style=\"flex-basis:50%\">\n<figure class=\"wp-block-image size-large\"><img loading=\"lazy\" decoding=\"async\" width=\"1024\" height=\"683\" src=\"https:\/\/wp-dsfr.fr\/demo\/wp-content\/uploads\/sites\/2\/2024\/09\/pantheon-drapeau-France-1024x683.jpg\" alt=\"Facade du Panth\u00e9on o\u00f9 l'on voit des le drapeau fran\u00e7ais, le ponton et des colonnes\" class=\"wp-image-512\" style=\"object-fit:cover\" srcset=\"https:\/\/wp-dsfr.fr\/demo\/wp-content\/uploads\/sites\/2\/2024\/09\/pantheon-drapeau-France-1024x683.jpg 1024w, https:\/\/wp-dsfr.fr\/demo\/wp-content\/uploads\/sites\/2\/2024\/09\/pantheon-drapeau-France-300x200.jpg 300w, https:\/\/wp-dsfr.fr\/demo\/wp-content\/uploads\/sites\/2\/2024\/09\/pantheon-drapeau-France-768x512.jpg 768w, https:\/\/wp-dsfr.fr\/demo\/wp-content\/uploads\/sites\/2\/2024\/09\/pantheon-drapeau-France-1536x1024.jpg 1536w, https:\/\/wp-dsfr.fr\/demo\/wp-content\/uploads\/sites\/2\/2024\/09\/pantheon-drapeau-France.jpg 1920w\" sizes=\"auto, (max-width: 1024px) 100vw, 1024px\" \/><figcaption class=\"wp-element-caption\">Photo de <a href=\"https:\/\/unsplash.com\/fr\/@sisacreative?utm_content=creditCopyText&amp;utm_medium=referral&amp;utm_source=unsplash\">Samuel Isaacs<\/a><\/figcaption><\/figure>\n<\/div>\n<\/div>\n<\/div><\/header>\n\n\n\n<div style=\"height:100px\" aria-hidden=\"true\" class=\"wp-block-spacer\"><\/div>\n\n\n\n<div class=\"wp-block-group alignwide\"><div class=\"wp-block-group__inner-container is-layout-constrained wp-block-group-is-layout-constrained\">\n<h2 class=\"wp-block-heading has-text-align-center is-style-default\">Les avantages du th\u00e8me<\/h2>\n\n\n\n<div style=\"height:var(--wp--preset--spacing--40)\" aria-hidden=\"true\" class=\"wp-block-spacer\"><\/div>\n\n\n\n<div class=\"wp-block-columns is-layout-flex wp-container-core-columns-is-layout-2 wp-block-columns-is-layout-flex\">\n<div class=\"wp-block-column is-layout-flow wp-block-column-is-layout-flow\"><div class=\"wp-block-image\">\n<figure class=\"aligncenter size-full is-resized\"><img loading=\"lazy\" decoding=\"async\" width=\"320\" height=\"320\" src=\"https:\/\/wp-dsfr.fr\/demo\/wp-content\/uploads\/sites\/2\/2024\/05\/digital-art-2.png\" alt=\"\" class=\"wp-image-191\" style=\"width:120px\" srcset=\"https:\/\/wp-dsfr.fr\/demo\/wp-content\/uploads\/sites\/2\/2024\/05\/digital-art-2.png 320w, https:\/\/wp-dsfr.fr\/demo\/wp-content\/uploads\/sites\/2\/2024\/05\/digital-art-2-300x300.png 300w, https:\/\/wp-dsfr.fr\/demo\/wp-content\/uploads\/sites\/2\/2024\/05\/digital-art-2-150x150.png 150w\" sizes=\"auto, (max-width: 320px) 100vw, 320px\" \/><\/figure><\/div>\n\n\n<h3 class=\"wp-block-heading has-text-align-center\">Respecte le DSFR<\/h3>\n\n\n\n<p class=\"has-text-align-center\">Ce th\u00e8me est v\u00e9rifi\u00e9 et conseill\u00e9 par l&rsquo;\u00c9tat pour toute cr\u00e9ation de site sous WordPress<\/p>\n<\/div>\n\n\n\n<div class=\"wp-block-column is-layout-flow wp-block-column-is-layout-flow\"><div class=\"wp-block-image\">\n<figure class=\"aligncenter size-full is-resized\"><img loading=\"lazy\" decoding=\"async\" width=\"320\" height=\"320\" src=\"https:\/\/wp-dsfr.fr\/demo\/wp-content\/uploads\/sites\/2\/2024\/05\/demenagement-2.png\" alt=\"\" class=\"wp-image-190\" style=\"width:120px\" srcset=\"https:\/\/wp-dsfr.fr\/demo\/wp-content\/uploads\/sites\/2\/2024\/05\/demenagement-2.png 320w, https:\/\/wp-dsfr.fr\/demo\/wp-content\/uploads\/sites\/2\/2024\/05\/demenagement-2-300x300.png 300w, https:\/\/wp-dsfr.fr\/demo\/wp-content\/uploads\/sites\/2\/2024\/05\/demenagement-2-150x150.png 150w\" sizes=\"auto, (max-width: 320px) 100vw, 320px\" \/><\/figure><\/div>\n\n\n<h3 class=\"wp-block-heading has-text-align-center\">Rapidement mis en place<\/h3>\n\n\n\n<p class=\"has-text-align-center\">Description de l&rsquo;avantage<\/p>\n<\/div>\n\n\n\n<div class=\"wp-block-column is-layout-flow wp-block-column-is-layout-flow\"><div class=\"wp-block-image\">\n<figure class=\"aligncenter size-full is-resized\"><img loading=\"lazy\" decoding=\"async\" width=\"320\" height=\"320\" src=\"https:\/\/wp-dsfr.fr\/demo\/wp-content\/uploads\/sites\/2\/2024\/06\/accessibility-2.png\" alt=\"\" class=\"wp-image-290\" style=\"width:120px\" srcset=\"https:\/\/wp-dsfr.fr\/demo\/wp-content\/uploads\/sites\/2\/2024\/06\/accessibility-2.png 320w, https:\/\/wp-dsfr.fr\/demo\/wp-content\/uploads\/sites\/2\/2024\/06\/accessibility-2-300x300.png 300w, https:\/\/wp-dsfr.fr\/demo\/wp-content\/uploads\/sites\/2\/2024\/06\/accessibility-2-150x150.png 150w\" sizes=\"auto, (max-width: 320px) 100vw, 320px\" \/><\/figure><\/div>\n\n\n<h3 class=\"wp-block-heading has-text-align-center\">Accessible<\/h3>\n\n\n\n<p class=\"has-text-align-center\">Ce th\u00e8me respecte les exigences RGAA en mati\u00e8re d&rsquo;accessibilit\u00e9 num\u00e9rique<\/p>\n<\/div>\n<\/div>\n\n\n\n<div class=\"wp-block-columns is-layout-flex wp-container-core-columns-is-layout-3 wp-block-columns-is-layout-flex\">\n<div class=\"wp-block-column is-layout-flow wp-block-column-is-layout-flow\" style=\"flex-basis:15%\"><\/div>\n\n\n\n<div class=\"wp-block-column is-layout-flow wp-block-column-is-layout-flow\"><div class=\"wp-block-image\">\n<figure class=\"aligncenter size-full is-resized\"><img loading=\"lazy\" decoding=\"async\" width=\"320\" height=\"320\" src=\"https:\/\/wp-dsfr.fr\/demo\/wp-content\/uploads\/sites\/2\/2024\/05\/wordpress-2.png\" alt=\"\" class=\"wp-image-209\" style=\"width:120px\" srcset=\"https:\/\/wp-dsfr.fr\/demo\/wp-content\/uploads\/sites\/2\/2024\/05\/wordpress-2.png 320w, https:\/\/wp-dsfr.fr\/demo\/wp-content\/uploads\/sites\/2\/2024\/05\/wordpress-2-300x300.png 300w, https:\/\/wp-dsfr.fr\/demo\/wp-content\/uploads\/sites\/2\/2024\/05\/wordpress-2-150x150.png 150w\" sizes=\"auto, (max-width: 320px) 100vw, 320px\" \/><\/figure><\/div>\n\n\n<h3 class=\"wp-block-heading has-text-align-center\">Pens\u00e9 pour WordPress <\/h3>\n\n\n\n<p class=\"has-text-align-center\">Retrouvez dans l&rsquo;\u00e9diteur de page Gutenberg les composants du DSFR ainsi qu&rsquo;une adaptation des blocs natifs<\/p>\n<\/div>\n\n\n\n<div class=\"wp-block-column is-layout-flow wp-block-column-is-layout-flow\"><div class=\"wp-block-image\">\n<figure class=\"aligncenter size-full is-resized\"><img loading=\"lazy\" decoding=\"async\" width=\"320\" height=\"320\" src=\"https:\/\/wp-dsfr.fr\/demo\/wp-content\/uploads\/sites\/2\/2024\/05\/coding-2.png\" alt=\"\" class=\"wp-image-187\" style=\"width:120px\" srcset=\"https:\/\/wp-dsfr.fr\/demo\/wp-content\/uploads\/sites\/2\/2024\/05\/coding-2.png 320w, https:\/\/wp-dsfr.fr\/demo\/wp-content\/uploads\/sites\/2\/2024\/05\/coding-2-300x300.png 300w, https:\/\/wp-dsfr.fr\/demo\/wp-content\/uploads\/sites\/2\/2024\/05\/coding-2-150x150.png 150w\" sizes=\"auto, (max-width: 320px) 100vw, 320px\" \/><\/figure><\/div>\n\n\n<h3 class=\"wp-block-heading has-text-align-center\">Base de d\u00e9veloppement<\/h3>\n\n\n\n<p class=\"has-text-align-center\">Adapt\u00e9 \u00e0 WordPress et Gutenberg, ce th\u00e8me, r\u00e9guli\u00e8rement maintenu \u00e0 jour, peut servir de base pour des d\u00e9veloppements sp\u00e9cifiques suppl\u00e9mentaires<\/p>\n<\/div>\n\n\n\n<div class=\"wp-block-column is-layout-flow wp-block-column-is-layout-flow\" style=\"flex-basis:15%\"><\/div>\n<\/div>\n<\/div><\/div>\n\n\n\n<div style=\"height:100px\" aria-hidden=\"true\" class=\"wp-block-spacer\"><\/div>\n\n\n\n<div style=\"height:52px\" aria-hidden=\"true\" class=\"wp-block-spacer\"><\/div>\n\n\n\n<div class=\"wp-block-media-text alignfull has-media-on-the-right is-stacked-on-mobile is-image-fill\"><div class=\"wp-block-media-text__content\">\n<div style=\"height:100px\" aria-hidden=\"true\" class=\"wp-block-spacer\"><\/div>\n\n\n\n<h2 class=\"wp-block-heading\">Explorer les possibilit\u00e9s de ce th\u00e8me<\/h2>\n\n\n\n<p>Tous les blocs natifs ont \u00e9t\u00e9 adapt\u00e9s fonctionnellement et graphiquement au DSFR, le th\u00e8me int\u00e8gre aussi certains blocs sur mesures suppl\u00e9mentaires. Profiter de trois heros de page et ainsi que de compositions pour organiser facilement votre contenu.<\/p>\n\n\n\n<div class=\"wp-block-buttons is-layout-flex wp-block-buttons-is-layout-flex\">\n<div class=\"wp-block-button\"><a class=\"wp-block-button__link wp-element-button\" href=\"https:\/\/wp-dsfr.fr\/demo\/liste-des-blocs-wordpress-du-dsfr\/\">Voir les blocs du th\u00e8me<\/a><\/div>\n\n\n\n<div class=\"wp-block-button is-style-secondary\"><a class=\"wp-block-button__link wp-element-button\" href=\"https:\/\/wp-dsfr.fr\/demo\/articles\/\">Exemple d&rsquo;article<\/a><\/div>\n<\/div>\n\n\n\n<div style=\"height:100px\" aria-hidden=\"true\" class=\"wp-block-spacer\"><\/div>\n<\/div><figure class=\"wp-block-media-text__media\" style=\"background-image:url(https:\/\/wp-dsfr.fr\/demo\/wp-content\/uploads\/sites\/2\/2024\/05\/elements-filtres-dsfr-2.png);background-position:50% 50%\"><img loading=\"lazy\" decoding=\"async\" width=\"910\" height=\"908\" src=\"https:\/\/wp-dsfr.fr\/demo\/wp-content\/uploads\/sites\/2\/2024\/05\/elements-filtres-dsfr-2.png\" alt=\"\" class=\"wp-image-19 size-full\" srcset=\"https:\/\/wp-dsfr.fr\/demo\/wp-content\/uploads\/sites\/2\/2024\/05\/elements-filtres-dsfr-2.png 910w, https:\/\/wp-dsfr.fr\/demo\/wp-content\/uploads\/sites\/2\/2024\/05\/elements-filtres-dsfr-2-300x300.png 300w, https:\/\/wp-dsfr.fr\/demo\/wp-content\/uploads\/sites\/2\/2024\/05\/elements-filtres-dsfr-2-150x150.png 150w, https:\/\/wp-dsfr.fr\/demo\/wp-content\/uploads\/sites\/2\/2024\/05\/elements-filtres-dsfr-2-768x766.png 768w\" sizes=\"auto, (max-width: 910px) 100vw, 910px\" \/><\/figure><\/div>\n\n\n\n<div class=\"wp-block-media-text alignfull is-stacked-on-mobile\"><figure class=\"wp-block-media-text__media\"><img loading=\"lazy\" decoding=\"async\" width=\"1024\" height=\"576\" src=\"https:\/\/wp-dsfr.fr\/demo\/wp-content\/uploads\/sites\/2\/2024\/06\/pictogrammes-liste-2-1024x576.jpg\" alt=\"\" class=\"wp-image-311 size-full\" srcset=\"https:\/\/wp-dsfr.fr\/demo\/wp-content\/uploads\/sites\/2\/2024\/06\/pictogrammes-liste-2-1024x576.jpg 1024w, https:\/\/wp-dsfr.fr\/demo\/wp-content\/uploads\/sites\/2\/2024\/06\/pictogrammes-liste-2-300x169.jpg 300w, https:\/\/wp-dsfr.fr\/demo\/wp-content\/uploads\/sites\/2\/2024\/06\/pictogrammes-liste-2-768x432.jpg 768w, https:\/\/wp-dsfr.fr\/demo\/wp-content\/uploads\/sites\/2\/2024\/06\/pictogrammes-liste-2-1536x864.jpg 1536w, https:\/\/wp-dsfr.fr\/demo\/wp-content\/uploads\/sites\/2\/2024\/06\/pictogrammes-liste-2-2048x1152.jpg 2048w\" sizes=\"auto, (max-width: 1024px) 100vw, 1024px\" \/><\/figure><div class=\"wp-block-media-text__content\">\n<h2 class=\"wp-block-heading\">B\u00e9n\u00e9ficiez de la biblioth\u00e8que de pictogramme et d&rsquo;ic\u00f4nes du DSFR<\/h2>\n\n\n\n<p>Un pictogramme aide l\u2019utilisateur \u00e0 s\u2019orienter et \u00e0 comprendre les interfaces gr\u00e2ce \u00e0 une reconnaissance visuelle et imm\u00e9diate. Les pictogrammes du DSFR sont : Explicites, Coh\u00e9rents et Rassurants<\/p>\n\n\n\n<div class=\"wp-block-buttons is-vertical is-layout-flex wp-container-core-buttons-is-layout-3 wp-block-buttons-is-layout-flex\">\n<div class=\"wp-block-button is-style-link\"><a class=\"wp-block-button__link wp-element-button\" href=\"https:\/\/www.figma.com\/community\/file\/1098654384051611363\/dsfr-pictogrammes-v1-12-0\" target=\"_blank\" rel=\"noreferrer noopener\">Voir le document de design<\/a><\/div>\n<\/div>\n<\/div><\/div>\n\n\n\n<div class=\"wp-block-cover alignwide is-light\"><span aria-hidden=\"true\" class=\"wp-block-cover__background has-background-alt-blue-france-background-color has-background-dim-90 has-background-dim\"><\/span><img loading=\"lazy\" decoding=\"async\" width=\"2560\" height=\"920\" class=\"wp-block-cover__image-background wp-image-277\" alt=\"\" src=\"https:\/\/wp-dsfr.fr\/demo\/wp-content\/uploads\/sites\/2\/2024\/06\/Banniere-Marianne-2.png\" data-object-fit=\"cover\" srcset=\"https:\/\/wp-dsfr.fr\/demo\/wp-content\/uploads\/sites\/2\/2024\/06\/Banniere-Marianne-2.png 2560w, https:\/\/wp-dsfr.fr\/demo\/wp-content\/uploads\/sites\/2\/2024\/06\/Banniere-Marianne-2-300x108.png 300w, https:\/\/wp-dsfr.fr\/demo\/wp-content\/uploads\/sites\/2\/2024\/06\/Banniere-Marianne-2-1024x368.png 1024w, https:\/\/wp-dsfr.fr\/demo\/wp-content\/uploads\/sites\/2\/2024\/06\/Banniere-Marianne-2-768x276.png 768w, https:\/\/wp-dsfr.fr\/demo\/wp-content\/uploads\/sites\/2\/2024\/06\/Banniere-Marianne-2-1536x552.png 1536w, https:\/\/wp-dsfr.fr\/demo\/wp-content\/uploads\/sites\/2\/2024\/06\/Banniere-Marianne-2-2048x736.png 2048w\" sizes=\"auto, (max-width: 2560px) 100vw, 2560px\" \/><div class=\"wp-block-cover__inner-container is-layout-constrained wp-block-cover-is-layout-constrained\">\n<h2 class=\"wp-block-heading alignwide has-text-align-center has-display-xs-font-size\">Installez&nbsp;d\u00e8s&nbsp;maintenant&nbsp;le&nbsp;th\u00e8me&nbsp;DSFR<\/h2>\n\n\n\n<div class=\"wp-block-buttons is-content-justification-center is-layout-flex wp-container-core-buttons-is-layout-4 wp-block-buttons-is-layout-flex\">\n<div class=\"wp-block-button\"><a class=\"wp-block-button__link wp-element-button\" href=\"https:\/\/github.com\/beapi\/wp-dsfr\" target=\"_blank\" rel=\"noreferrer noopener\">T\u00e9l\u00e9charger le th\u00e8me<\/a><\/div>\n<\/div>\n<\/div><\/div>\n","protected":false},"excerpt":{"rendered":"<p>Cr\u00e9ez votre site WordPress avec le th\u00e8me officiel de l\u2019\u00c9tat Fait pour WordPress avec l\u2019\u00e9diteur de bloc Gutenberg, ce th\u00e8me comporte une grande partie des fonctionnalit\u00e9s du Syst\u00e8me de Design de l\u2019\u00c9tat Fran\u00e7ais. Les avantages du th\u00e8me Respecte le DSFR Ce th\u00e8me est v\u00e9rifi\u00e9 et conseill\u00e9 par l&rsquo;\u00c9tat pour toute cr\u00e9ation de site sous WordPress [&hellip;]<\/p>\n","protected":false},"author":1,"featured_media":0,"parent":0,"menu_order":0,"comment_status":"closed","ping_status":"closed","template":"","meta":{"footnotes":""},"class_list":["post-7","page","type-page","status-publish","hentry"],"_links":{"self":[{"href":"https:\/\/wp-dsfr.fr\/demo\/wp-json\/wp\/v2\/pages\/7","targetHints":{"allow":["GET"]}}],"collection":[{"href":"https:\/\/wp-dsfr.fr\/demo\/wp-json\/wp\/v2\/pages"}],"about":[{"href":"https:\/\/wp-dsfr.fr\/demo\/wp-json\/wp\/v2\/types\/page"}],"author":[{"embeddable":true,"href":"https:\/\/wp-dsfr.fr\/demo\/wp-json\/wp\/v2\/users\/1"}],"replies":[{"embeddable":true,"href":"https:\/\/wp-dsfr.fr\/demo\/wp-json\/wp\/v2\/comments?post=7"}],"version-history":[{"count":14,"href":"https:\/\/wp-dsfr.fr\/demo\/wp-json\/wp\/v2\/pages\/7\/revisions"}],"predecessor-version":[{"id":572,"href":"https:\/\/wp-dsfr.fr\/demo\/wp-json\/wp\/v2\/pages\/7\/revisions\/572"}],"wp:attachment":[{"href":"https:\/\/wp-dsfr.fr\/demo\/wp-json\/wp\/v2\/media?parent=7"}],"curies":[{"name":"wp","href":"https:\/\/api.w.org\/{rel}","templated":true}]}}